{"id":1056,"date":"2022-09-01T20:36:34","date_gmt":"2022-09-01T18:36:34","guid":{"rendered":"http:\/\/www.sac.smm.lt\/?page_id=1056"},"modified":"2023-01-11T20:07:46","modified_gmt":"2023-01-11T18:07:46","slug":"svietimo-ir-mokslo-bukles-apzvalgos","status":"publish","type":"page","link":"https:\/\/www.nsa.smsm.lt\/old\/bendruju-reikalu-departamentas\/leidiniai\/leidiniai-pagal-temas\/svietimo-ir-mokslo-bukles-apzvalgos\/","title":{"rendered":"\u0160vietimo ir mokslo b\u016bkl\u0117s ap\u017evalgos"},"content":{"rendered":"<div class=\"panel-group\" id=\"collapse_f3eb-a0f7\"><div class=\"panel panel-default\">    <div class=\"panel-heading\" role=\"tab\" id=\"heading_citem_22f8-0271\">        <h4 class=\"panel-title\"><a class=\"accordion-toggle collapsed\" data-toggle=\"collapse\" aria-controls=\"heading_citem_22f8-0271\" data-parent=\"#collapse_f3eb-a0f7\" href=\"#citem_22f8-0271\">Valstybin\u0117 \u0161vietimo strategija<\/a>        <\/h4>    <\/div>    <div id=\"citem_22f8-0271\" class=\"panel-collapse collapse \" role=\"tabpanel\" aria-labelledby=\"heading_citem_22f8-0271\">        <div class=\"panel-body\">[attachaway only=&#8221;_svietstrat&#8221; theme=&#8221;silk&#8221; width=&#8221;100%&#8221;]        <\/div>    <\/div><\/div><div class=\"panel panel-default\">    <div class=\"panel-heading\" role=\"tab\" id=\"heading_citem_c7d7-ce95\">        <h4 class=\"panel-title\"><a class=\"accordion-toggle collapsed\" data-toggle=\"collapse\" aria-controls=\"heading_citem_c7d7-ce95\" data-parent=\"#collapse_f3eb-a0f7\" href=\"#citem_c7d7-ce95\">Bendrojo ugdymo mokyklos<\/a>        <\/h4>    <\/div>    <div id=\"citem_c7d7-ce95\" class=\"panel-collapse collapse \" role=\"tabpanel\" aria-labelledby=\"heading_citem_c7d7-ce95\">        <div class=\"panel-body\">[attachaway only=&#8221;_bum&#8221; theme=&#8221;silk&#8221; width=&#8221;100%&#8221;]        <\/div>    <\/div><\/div><div class=\"panel panel-default\">    <div class=\"panel-heading\" role=\"tab\" id=\"heading_citem_46e1-168d\">        <h4 class=\"panel-title\"><a class=\"accordion-toggle collapsed\" data-toggle=\"collapse\" aria-controls=\"heading_citem_46e1-168d\" data-parent=\"#collapse_f3eb-a0f7\" href=\"#citem_46e1-168d\">Neformalusis vaik\u0173 ir suaugusi\u0173j\u0173 \u0161vietimas<\/a>        <\/h4>    <\/div>    <div id=\"citem_46e1-168d\" class=\"panel-collapse collapse \" role=\"tabpanel\" aria-labelledby=\"heading_citem_46e1-168d\">        <div class=\"panel-body\">[attachaway only=&#8221;_nef&#8221; theme=&#8221;silk&#8221; width=&#8221;100%&#8221;]        <\/div>    <\/div><\/div><div class=\"panel panel-default\">    <div class=\"panel-heading\" role=\"tab\" id=\"heading_citem_8e0d-7bf9\">        <h4 class=\"panel-title\"><a class=\"accordion-toggle collapsed\" data-toggle=\"collapse\" aria-controls=\"heading_citem_8e0d-7bf9\" data-parent=\"#collapse_f3eb-a0f7\" href=\"#citem_8e0d-7bf9\">Bendroji problematika<\/a>        <\/h4>    <\/div>    <div id=\"citem_8e0d-7bf9\" class=\"panel-collapse collapse \" role=\"tabpanel\" aria-labelledby=\"heading_citem_8e0d-7bf9\">        <div class=\"panel-body\">[attachaway only=&#8221;_bpr&#8221; theme=&#8221;silk&#8221; width=&#8221;100%&#8221;]        <\/div>    <\/div><\/div><div class=\"panel panel-default\">    <div class=\"panel-heading\" role=\"tab\" id=\"heading_citem_70c9-17ce\">        <h4 class=\"panel-title\"><a class=\"accordion-toggle collapsed\" data-toggle=\"collapse\" aria-controls=\"heading_citem_70c9-17ce\" data-parent=\"#collapse_f3eb-a0f7\" href=\"#citem_70c9-17ce\">Europos bendradarbiavimas \u0161vietimo ir mokslo srityje<\/a>        <\/h4>    <\/div>    <div id=\"citem_70c9-17ce\" class=\"panel-collapse collapse \" role=\"tabpanel\" aria-labelledby=\"heading_citem_70c9-17ce\">        <div class=\"panel-body\">[attachaway only=&#8221;_eurosh&#8221; theme=&#8221;silk&#8221; width=&#8221;100%&#8221;]        <\/div>    <\/div><\/div><div class=\"panel panel-default\">    <div class=\"panel-heading\" role=\"tab\" id=\"heading_citem_988b-ceaf\">        <h4 class=\"panel-title\"><a class=\"accordion-toggle collapsed\" data-toggle=\"collapse\" aria-controls=\"heading_citem_988b-ceaf\" data-parent=\"#collapse_f3eb-a0f7\" href=\"#citem_988b-ceaf\">UNESCO \u0161vietimo veiklos programa \u201e\u0160vietimas visiems\u201c<\/a>        <\/h4>    <\/div>    <div id=\"citem_988b-ceaf\" class=\"panel-collapse collapse \" role=\"tabpanel\" aria-labelledby=\"heading_citem_988b-ceaf\">        <div class=\"panel-body\">[attachaway only=&#8221;_unesco&#8221; theme=&#8221;silk&#8221; width=&#8221;100%&#8221;]        <\/div>    <\/div><\/div><div class=\"panel panel-default\">    <div class=\"panel-heading\" role=\"tab\" id=\"heading_citem_f187-6d01\">        <h4 class=\"panel-title\"><a class=\"accordion-toggle collapsed\" data-toggle=\"collapse\" aria-controls=\"heading_citem_f187-6d01\" data-parent=\"#collapse_f3eb-a0f7\" href=\"#citem_f187-6d01\">\u0160vietimas regionuose<\/a>        <\/h4>    <\/div>    <div id=\"citem_f187-6d01\" class=\"panel-collapse collapse \" role=\"tabpanel\" aria-labelledby=\"heading_citem_f187-6d01\">        <div class=\"panel-body\">[attachaway only=&#8221;_sr&#8221; theme=&#8221;silk&#8221; width=&#8221;100%&#8221;]        <\/div>    <\/div><\/div><\/div>\n","protected":false},"excerpt":{"rendered":"","protected":false},"author":1,"featured_media":0,"parent":10741,"menu_order":7,"comment_status":"closed","ping_status":"closed","template":"page-temos.php","meta":{"_acf_changed":false,"footnotes":""},"class_list":["post-1056","page","type-page","status-publish","hentry"],"acf":[],"_links":{"self":[{"href":"https:\/\/www.nsa.smsm.lt\/old\/wp-json\/wp\/v2\/pages\/1056","targetHints":{"allow":["GET"]}}],"collection":[{"href":"https:\/\/www.nsa.smsm.lt\/old\/wp-json\/wp\/v2\/pages"}],"about":[{"href":"https:\/\/www.nsa.smsm.lt\/old\/wp-json\/wp\/v2\/types\/page"}],"author":[{"embeddable":true,"href":"https:\/\/www.nsa.smsm.lt\/old\/wp-json\/wp\/v2\/users\/1"}],"replies":[{"embeddable":true,"href":"https:\/\/www.nsa.smsm.lt\/old\/wp-json\/wp\/v2\/comments?post=1056"}],"version-history":[{"count":0,"href":"https:\/\/www.nsa.smsm.lt\/old\/wp-json\/wp\/v2\/pages\/1056\/revisions"}],"up":[{"embeddable":true,"href":"https:\/\/www.nsa.smsm.lt\/old\/wp-json\/wp\/v2\/pages\/10741"}],"wp:attachment":[{"href":"https:\/\/www.nsa.smsm.lt\/old\/wp-json\/wp\/v2\/media?parent=1056"}],"curies":[{"name":"wp","href":"https:\/\/api.w.org\/{rel}","templated":true}]}}