{"id":10544,"date":"2022-10-03T10:55:23","date_gmt":"2022-10-03T08:55:23","guid":{"rendered":"https:\/\/www.nsa.smsm.lt\/old\/?page_id=10544"},"modified":"2023-01-11T23:37:00","modified_gmt":"2023-01-11T21:37:00","slug":"tesk-nr-09-2-1-esfa-v-727-01-0001","status":"publish","type":"page","link":"https:\/\/www.nsa.smsm.lt\/old\/svietimo-pagalbos-departamentas\/projektai\/tesk-nr-09-2-1-esfa-v-727-01-0001\/","title":{"rendered":"\u201eT\u0118SK\u201c NR. 09.2.1-ESFA-V-727-01-0001"},"content":{"rendered":"<p><img loading=\"lazy\" decoding=\"async\" class=\" wp-image-11965 alignnone\" src=\"https:\/\/www.nsa.smsm.lt\/old\/old\/wp-content\/uploads\/2020\/04\/eu.png\" alt=\"\" width=\"335\" height=\"154\" srcset=\"https:\/\/www.nsa.smsm.lt\/old\/wp-content\/uploads\/2020\/04\/eu.png 320w, https:\/\/www.nsa.smsm.lt\/old\/wp-content\/uploads\/2020\/04\/eu-300x138.png 300w\" sizes=\"auto, (max-width: 335px) 100vw, 335px\" \/><\/p>\n<p><strong>\u201eT\u0118SK\u201c <\/strong><strong>Nr. 09.2.1-ESFA-V-727-01-0001<\/strong><\/p>\n<p>Projektas finansuojamas Europos socialinio fondo l\u0117\u0161omis.<\/p>\n<p><strong>Projekto trukm\u0117:<\/strong>\u00a02018\u00a0m. sausio 1 d. \u2013 2022 m. kovo 12 d.<\/p>\n<p><b>Projekto vert\u0117: <\/b>8 088 294,70 Eur.<\/p>\n<p><strong>Projekto id\u0117ja<\/strong> \u2013 pagerinti mokini\u0173 ugdymo pasiekimus, skatinant veiksmingus poky\u010dius \u0161vietimo \u012fstaig\u0173 veikloje. Prie poky\u010di\u0173 \u012fgyvendinimo bus prisidedama dviem kryptimis: diegiant pedagog\u0173 kvalifikacijos tobulinimo inovacijas ir rengiant dirbti b\u016bsimus pedagogus.<\/p>\n<p><strong>Projekto tikslin\u0117s grup\u0117s<\/strong>: studijas baig\u0119 ir pradedantys, siekiantys persikvalifikuoti ar \u012fgyti papildom\u0105 kvalifikacij\u0105 pedagogai; norintys tapti pedagogais kit\u0173 sektori\u0173 asmenys, kurie jau turi auk\u0161t\u0105j\u012f i\u0161silavinim\u0105.<\/p>\n<p><strong>Projekto partneriai: <\/strong>Kauno technologijos universitetas, Klaip\u0117dos universitetas, Lietuvos muzikos ir teatro akademija, Lietuvos sporto universitetas, Mykolo Romerio universitetas, \u0160iauli\u0173 universitetas, Vilniaus kolegija, Vilniaus universiteto \u0160iauli\u0173 akademija, Vytauto Did\u017eiojo universitetas, Vilniaus universitetas.<\/p>\n<p><strong>Projekto u\u017edaviniai ir siekiami rezultatai:<\/strong><\/p>\n<p><strong>I u\u017edavinys. Vykdyti pedagog\u0173 rengimo kaitos tyrimus<\/strong>:<\/p>\n<ol>\n<li>Numatom\u0173 strukt\u016brini\u0173 poky\u010di\u0173 poveikio pedagog\u0173 rengimui vertinimo tyrimas.<\/li>\n<li>Strukt\u016brini\u0173 poky\u010di\u0173 pedagog\u0173 rengimo srityje \u012fgyvendinimo steb\u0117senos tyrimas.<\/li>\n<li>\u0160vietimo pagalbos, teikiamos mokykloms ir pedagogams, efektyvumo tyrimas.<\/li>\n<\/ol>\n<p><strong>II u\u017edavinys. Sukurti ir i\u0161bandyti pedagogin\u0117s sta\u017euot\u0117s pirmaisiais darbo metais model\u012f<br \/>\n(pedagogin\u0117s sta\u017euot\u0117s, sta\u017euot\u0117s u\u017esienio \u0161alyse, mokymai<\/strong><strong>, refleksijos).<\/strong><\/p>\n<ol>\n<li>Pradedan\u010di\u0173j\u0173 mokytoj\u0173 pedagogin\u0117s sta\u017euot\u0117s modelio k\u016brimas ir i\u0161bandymas.<\/li>\n<li>Mokymai projekte dalyvaujantiems pradedantiesiems mokytojams, mentoriams, mokykl\u0173 bendruomen\u0117ms ir sta\u017euo\u010di\u0173 vadovams (1010 asmen\u0173).<\/li>\n<li>Kvalifikacijos tobulinimo sta\u017euot\u0117s u\u017esienio \u0161alyse (12 sta\u017euo\u010di\u0173).<\/li>\n<\/ol>\n<p><strong>III u\u017edavinys. Sukurti pedagog\u0173 kompetencij\u0173 vertinimo, j\u0173 pripa\u017einimo ir taikymo profesin\u0117je veikloje instrumentus<\/strong><strong>.<\/strong><\/p>\n<p>Pedagog\u0173 kompetencij\u0173 vertinimo, j\u0173 pripa\u017einimo ir taikymo profesin\u0117je veikloje instrument\u0173 paketo parengimas ir jo taikymo mokymai (390 asmen\u0173).<\/p>\n<p><strong>IV u\u017edavinys. Vykdyti pedagog\u0173 studij\u0173 ir kvalifikacijos tobulinimo programas, numatan\u010dias papildomos kvalifikacijos suteikim\u0105.<\/strong><\/p>\n<p>Vykdyti studijas, leid\u017eian\u010dias \u012fgyti papildom\u0105 profesin\u0119 kvalifikacij\u0105 (821 asmuo).<\/p>\n<p><strong>V u\u017edavinys. Pritraukti gabius ir motyvuotus asmenis \u012f pedagogines profesijas. Tikslini\u0173 stipendij\u0173 teikimas<\/strong>.<\/p>\n<p>Teikti tikslines stipendijas (910 student\u0173).<\/p>\n<p><strong>Projekto rezultatai: <\/strong><\/p>\n<p><a href=\"https:\/\/www.upc.smm.lt\/projektai\/tesk\/apie.php\"><strong>https:\/\/www.upc.smm.lt\/projektai\/tesk\/apie.php<\/strong><\/a><\/p>\n<p><strong>Projekto vadov\u0117<\/strong><\/p>\n<p class=\"x_MsoNormal\" dir=\"auto\">Strategini\u0173 projekt\u0173 ir tarptautinio bendradarbiavimo<br \/>\nvaldymo skyriaus specialist\u0117, projekto vadov\u0117<\/p>\n<p class=\"x_MsoNormal\" dir=\"auto\">Egl\u0117 Vekerotien\u0117<br \/>\nTel.+370 6 18 12531<br \/>\nEl. p.\u00a0<a href=\"mailto:justina.dilyte@sppc.lt\">egle.vekerotiene@nsa.smm.lt<\/a><\/p>\n<p class=\"x_MsoNormal\" dir=\"auto\"><b>Projekto finansinink\u0117<\/b><\/p>\n<p class=\"x_MsoNormal\" dir=\"auto\">Jelena Liutkevi\u010dien\u0117-\u0160iaulien\u0117<br \/>\nTel. +370 659 37107<\/p>\n<p class=\"x_MsoNormal\" dir=\"auto\">El. p.\u00a0\u00a0<a href=\"mailto:jelena.siauliene@nsa.smm.lt\">jelena.siauliene@nsa.smm.lt<\/a><\/p>\n","protected":false},"excerpt":{"rendered":"<p>\u201eT\u0118SK\u201c Nr. 09.2.1-ESFA-V-727-01-0001 Projektas finansuojamas Europos socialinio fondo l\u0117\u0161omis. Projekto trukm\u0117:\u00a02018\u00a0m. sausio 1 d. \u2013 2022 m. kovo 12 d. Projekto vert\u0117: 8 088 294,70 Eur. Projekto id\u0117ja \u2013 pagerinti mokini\u0173 ugdymo pasiekimus, skatinant veiksmingus poky\u010dius \u0161vietimo \u012fstaig\u0173 veikloje. Prie&nbsp;<a href=\"https:\/\/www.nsa.smsm.lt\/old\/svietimo-pagalbos-departamentas\/projektai\/tesk-nr-09-2-1-esfa-v-727-01-0001\/\" class=\"placiau\">Pla\u010diau <i class=\"fa fa-caret-right\"><\/i><\/a><\/p>\n","protected":false},"author":1,"featured_media":0,"parent":10370,"menu_order":0,"comment_status":"closed","ping_status":"closed","template":"","meta":{"_acf_changed":false,"footnotes":""},"class_list":["post-10544","page","type-page","status-publish","hentry"],"acf":[],"_links":{"self":[{"href":"https:\/\/www.nsa.smsm.lt\/old\/wp-json\/wp\/v2\/pages\/10544","targetHints":{"allow":["GET"]}}],"collection":[{"href":"https:\/\/www.nsa.smsm.lt\/old\/wp-json\/wp\/v2\/pages"}],"about":[{"href":"https:\/\/www.nsa.smsm.lt\/old\/wp-json\/wp\/v2\/types\/page"}],"author":[{"embeddable":true,"href":"https:\/\/www.nsa.smsm.lt\/old\/wp-json\/wp\/v2\/users\/1"}],"replies":[{"embeddable":true,"href":"https:\/\/www.nsa.smsm.lt\/old\/wp-json\/wp\/v2\/comments?post=10544"}],"version-history":[{"count":0,"href":"https:\/\/www.nsa.smsm.lt\/old\/wp-json\/wp\/v2\/pages\/10544\/revisions"}],"up":[{"embeddable":true,"href":"https:\/\/www.nsa.smsm.lt\/old\/wp-json\/wp\/v2\/pages\/10370"}],"wp:attachment":[{"href":"https:\/\/www.nsa.smsm.lt\/old\/wp-json\/wp\/v2\/media?parent=10544"}],"curies":[{"name":"wp","href":"https:\/\/api.w.org\/{rel}","templated":true}]}}