{"id":1054,"date":"2022-09-17T07:36:12","date_gmt":"2022-09-17T05:36:12","guid":{"rendered":"http:\/\/www.sac.smm.lt\/?page_id=1054"},"modified":"2023-01-11T20:07:53","modified_gmt":"2023-01-11T18:07:53","slug":"svietimo-problemos-analizes","status":"publish","type":"page","link":"https:\/\/www.nsa.smsm.lt\/old\/bendruju-reikalu-departamentas\/leidiniai\/leidiniai-pagal-temas\/svietimo-problemos-analizes\/","title":{"rendered":"\u0160vietimo problemos analiz\u0117s"},"content":{"rendered":"<div class=\"panel-group\" id=\"collapse_d6de-1fb1\"><div class=\"panel panel-default\">    <div class=\"panel-heading\" role=\"tab\" id=\"heading_citem_221a-1633\">        <h4 class=\"panel-title\"><a class=\"accordion-toggle collapsed\" data-toggle=\"collapse\" aria-controls=\"heading_citem_221a-1633\" data-parent=\"#collapse_d6de-1fb1\" href=\"#citem_221a-1633\">Naujausios analiz\u0117s<\/a>        <\/h4>    <\/div>    <div id=\"citem_221a-1633\" class=\"panel-collapse collapse \" role=\"tabpanel\" aria-labelledby=\"heading_citem_221a-1633\">        <div class=\"panel-body\">\n<p>[attachaway only=&#8221;naujausi1_&#8221; theme=&#8221;silk&#8221; width=&#8221;100%&#8221;]<\/p>\n<p>        <\/p><\/div>    <\/div><\/div><div class=\"panel panel-default\">    <div class=\"panel-heading\" role=\"tab\" id=\"heading_citem_9b56-661f\">        <h4 class=\"panel-title\"><a class=\"accordion-toggle collapsed\" data-toggle=\"collapse\" aria-controls=\"heading_citem_9b56-661f\" data-parent=\"#collapse_d6de-1fb1\" href=\"#citem_9b56-661f\">Bendroji \u0161vietimo b\u016bkl\u0117<\/a>        <\/h4>    <\/div>    <div id=\"citem_9b56-661f\" class=\"panel-collapse collapse \" role=\"tabpanel\" aria-labelledby=\"heading_citem_9b56-661f\">        <div class=\"panel-body\">\n<p>[attachaway only=&#8221;bs_&#8221; theme=&#8221;silk&#8221; width=&#8221;100%&#8221;]<\/p>\n<p>        <\/p><\/div>    <\/div><\/div><div class=\"panel panel-default\">    <div class=\"panel-heading\" role=\"tab\" id=\"heading_citem_16e5-8c9f\">        <h4 class=\"panel-title\"><a class=\"accordion-toggle collapsed\" data-toggle=\"collapse\" aria-controls=\"heading_citem_16e5-8c9f\" data-parent=\"#collapse_d6de-1fb1\" href=\"#citem_16e5-8c9f\">\u0160vietimo finansavimas<\/a>        <\/h4>    <\/div>    <div id=\"citem_16e5-8c9f\" class=\"panel-collapse collapse \" role=\"tabpanel\" aria-labelledby=\"heading_citem_16e5-8c9f\">        <div class=\"panel-body\">\n<p>[attachaway only=&#8221;sf_&#8221; theme=&#8221;silk&#8221; width=&#8221;100%&#8221;]<\/p>\n<p>        <\/p><\/div>    <\/div><\/div><div class=\"panel panel-default\">    <div class=\"panel-heading\" role=\"tab\" id=\"heading_citem_77d3-d22c\">        <h4 class=\"panel-title\"><a class=\"accordion-toggle collapsed\" data-toggle=\"collapse\" aria-controls=\"heading_citem_77d3-d22c\" data-parent=\"#collapse_d6de-1fb1\" href=\"#citem_77d3-d22c\">Bendrasis ugdymas<\/a>        <\/h4>    <\/div>    <div id=\"citem_77d3-d22c\" class=\"panel-collapse collapse \" role=\"tabpanel\" aria-labelledby=\"heading_citem_77d3-d22c\">        <div class=\"panel-body\">\n<p>[attachaway only=&#8221;buf_&#8221; theme=&#8221;silk&#8221; width=&#8221;100%&#8221;]<\/p>\n<p>        <\/p><\/div>    <\/div><\/div><div class=\"panel panel-default\">    <div class=\"panel-heading\" role=\"tab\" id=\"heading_citem_0038-ac6e\">        <h4 class=\"panel-title\"><a class=\"accordion-toggle collapsed\" data-toggle=\"collapse\" aria-controls=\"heading_citem_0038-ac6e\" data-parent=\"#collapse_d6de-1fb1\" href=\"#citem_0038-ac6e\">Vadyba, lyderyst\u0117, mokytojai<\/a>        <\/h4>    <\/div>    <div id=\"citem_0038-ac6e\" class=\"panel-collapse collapse \" role=\"tabpanel\" aria-labelledby=\"heading_citem_0038-ac6e\">        <div class=\"panel-body\">\n<p>[attachaway only=&#8221;vlm&#8221; theme=&#8221;silk&#8221; width=&#8221;100%&#8221;]<\/p>\n<p>        <\/p><\/div>    <\/div><\/div><div class=\"panel panel-default\">    <div class=\"panel-heading\" role=\"tab\" id=\"heading_citem_4262-e659\">        <h4 class=\"panel-title\"><a class=\"accordion-toggle collapsed\" data-toggle=\"collapse\" aria-controls=\"heading_citem_4262-e659\" data-parent=\"#collapse_d6de-1fb1\" href=\"#citem_4262-e659\">Auk\u0161tojo mokslo studijos<\/a>        <\/h4>    <\/div>    <div id=\"citem_4262-e659\" class=\"panel-collapse collapse \" role=\"tabpanel\" aria-labelledby=\"heading_citem_4262-e659\">        <div class=\"panel-body\">\n<p>[attachaway only=&#8221;ams&#8221; theme=&#8221;silk&#8221; width=&#8221;100%&#8221;]<\/p>\n<p>        <\/p><\/div>    <\/div><\/div><div class=\"panel panel-default\">    <div class=\"panel-heading\" role=\"tab\" id=\"heading_citem_0ec8-96b5\">        <h4 class=\"panel-title\"><a class=\"accordion-toggle collapsed\" data-toggle=\"collapse\" aria-controls=\"heading_citem_0ec8-96b5\" data-parent=\"#collapse_d6de-1fb1\" href=\"#citem_0ec8-96b5\">Profesinis mokymas<\/a>        <\/h4>    <\/div>    <div id=\"citem_0ec8-96b5\" class=\"panel-collapse collapse \" role=\"tabpanel\" aria-labelledby=\"heading_citem_0ec8-96b5\">        <div class=\"panel-body\">[attachaway only=&#8221;fm,buf_univers&#8221; theme=&#8221;silk&#8221; width=&#8221;100%&#8221;]        <\/div>    <\/div><\/div><div class=\"panel panel-default\">    <div class=\"panel-heading\" role=\"tab\" id=\"heading_citem_f1fa-c53d\">        <h4 class=\"panel-title\"><a class=\"accordion-toggle collapsed\" data-toggle=\"collapse\" aria-controls=\"heading_citem_f1fa-c53d\" data-parent=\"#collapse_d6de-1fb1\" href=\"#citem_f1fa-c53d\">Neformalusis vaik\u0173 ir suaugusi\u0173j\u0173 \u0161vietimas<\/a>        <\/h4>    <\/div>    <div id=\"citem_f1fa-c53d\" class=\"panel-collapse collapse \" role=\"tabpanel\" aria-labelledby=\"heading_citem_f1fa-c53d\">        <div class=\"panel-body\">\n<p>[attachaway only=&#8221;nf&#8221; theme=&#8221;silk&#8221; width=&#8221;100%&#8221;]<\/p>\n<p>        <\/p><\/div>    <\/div><\/div><div class=\"panel panel-default\">    <div class=\"panel-heading\" role=\"tab\" id=\"heading_citem_cc24-ec8f\">        <h4 class=\"panel-title\"><a class=\"accordion-toggle collapsed\" data-toggle=\"collapse\" aria-controls=\"heading_citem_cc24-ec8f\" data-parent=\"#collapse_d6de-1fb1\" href=\"#citem_cc24-ec8f\">Mokslas<\/a>        <\/h4>    <\/div>    <div id=\"citem_cc24-ec8f\" class=\"panel-collapse collapse \" role=\"tabpanel\" aria-labelledby=\"heading_citem_cc24-ec8f\">        <div class=\"panel-body\">[attachaway only=&#8221;mokslas&#8221; theme=&#8221;silk&#8221; width=&#8221;100%&#8221;]        <\/div>    <\/div><\/div><\/div>\n<p>&nbsp;<\/p>\n<p>&nbsp;<\/p>\n<p>&nbsp;<\/p>\n<p>&nbsp;<\/p>\n<p>&nbsp;<\/p>\n<p>&nbsp;<\/p>\n","protected":false},"excerpt":{"rendered":"<p>&nbsp; &nbsp; &nbsp; &nbsp; &nbsp; &nbsp;<\/p>\n","protected":false},"author":1,"featured_media":0,"parent":10741,"menu_order":6,"comment_status":"closed","ping_status":"closed","template":"page-temos.php","meta":{"_acf_changed":false,"footnotes":""},"class_list":["post-1054","page","type-page","status-publish","hentry"],"acf":[],"_links":{"self":[{"href":"https:\/\/www.nsa.smsm.lt\/old\/wp-json\/wp\/v2\/pages\/1054","targetHints":{"allow":["GET"]}}],"collection":[{"href":"https:\/\/www.nsa.smsm.lt\/old\/wp-json\/wp\/v2\/pages"}],"about":[{"href":"https:\/\/www.nsa.smsm.lt\/old\/wp-json\/wp\/v2\/types\/page"}],"author":[{"embeddable":true,"href":"https:\/\/www.nsa.smsm.lt\/old\/wp-json\/wp\/v2\/users\/1"}],"replies":[{"embeddable":true,"href":"https:\/\/www.nsa.smsm.lt\/old\/wp-json\/wp\/v2\/comments?post=1054"}],"version-history":[{"count":0,"href":"https:\/\/www.nsa.smsm.lt\/old\/wp-json\/wp\/v2\/pages\/1054\/revisions"}],"up":[{"embeddable":true,"href":"https:\/\/www.nsa.smsm.lt\/old\/wp-json\/wp\/v2\/pages\/10741"}],"wp:attachment":[{"href":"https:\/\/www.nsa.smsm.lt\/old\/wp-json\/wp\/v2\/media?parent=1054"}],"curies":[{"name":"wp","href":"https:\/\/api.w.org\/{rel}","templated":true}]}}