{"id":10524,"date":"2022-11-28T14:37:08","date_gmt":"2022-11-28T12:37:08","guid":{"rendered":"https:\/\/www.nsa.smsm.lt\/old\/?page_id=10524"},"modified":"2023-01-11T23:37:27","modified_gmt":"2023-01-11T21:37:27","slug":"kokybes-krepselis-nr-09-2-1-esfa-v-719-01-0001","status":"publish","type":"page","link":"https:\/\/www.nsa.smsm.lt\/old\/svietimo-pagalbos-departamentas\/projektai\/kokybes-krepselis-nr-09-2-1-esfa-v-719-01-0001\/","title":{"rendered":"\u201eKokyb\u0117s krep\u0161elis\u201c NR. 09.2.1-ESFA-V-719-01-0001"},"content":{"rendered":"<p><img decoding=\"async\" class=\"alignnone size-full wp-image-25269\" src=\"https:\/\/www.nsa.smsm.lt\/old\/old\/wp-content\/uploads\/2019\/11\/es.svg\" alt=\"\" \/><\/p>\n<p><strong>Projektas \u201eKOKYB\u0116S KREP\u0160ELIS\u201c NR. 09.2.1-ESFA-V-719-01-0001 finansuojamas Europos socialinio fondo l\u0117\u0161omis<\/strong><\/p>\n<p><strong>Projekto tikslas<\/strong>\u00a0\u2013 pagerinti mokini\u0173 ugdymosi pasiekimus, \u012fgyvendinant poky\u010dius savivaldyb\u0117se ir mokyklose.<\/p>\n<p><strong>Projekto \u012fgyvendinimo trukm\u0117:\u00a0<\/strong>2019 &#8211; 2023 m.<\/p>\n<p><strong>Projektui skirtos l\u0117\u0161os:\u00a0<\/strong>30 324 200,95 \u00a0Eur.<\/p>\n<p><strong>Projekto vadovas:\u00a0<\/strong>Au\u0161ra Liubinien\u0117, el. p.\u00a0<a href=\"mailto:ausra.liubiniene@nsa.smm.lt\">ausra.liubiniene@nsa.smm.lt<\/a>, tel. nr. + 370 666 29553<\/p>\n<p><strong>Projekto veikl\u0173 apra\u0161ymas<\/strong><\/p>\n<p>Siekiant \u012fdiegti duomenimis gr\u012fst\u0105 kokyb\u0117s kult\u016br\u0105\u00a0<em>(kokyb\u0117s samprata \u2013 vertinimas \u2013 tobulinimas)<\/em>\u00a0planuojama kryptingai dirbti su mokykl\u0173 steig\u0117jais \u2013 savivaldyb\u0117mis ir mokyklomis:<\/p>\n<p>I projekto etape su 180 bendrojo ugdymo mokykl\u0173, atrinkt\u0173 \u012f dvi tikslines grupes: \u00a030 mokykl\u0173, turin\u010di\u0173 stipri\u0105 geros mokyklos po\u017eymi\u0173 rai\u0161k\u0105 (pagal\u00a0<em>Geros mokyklos koncepcijos<\/em>\u00a0nuostatas) ir 150 mokykl\u0173, turin\u010di\u0173 silpn\u0105 geros mokyklos po\u017eymi\u0173 rai\u0161k\u0105; bei<\/p>\n<p>II projekto etape su 90 bendrojo ugdymo mokykl\u0173.<\/p>\n<p><strong>Mokykl\u0173 veiklos tobulinimas bus vykdomas nuosekliai, t. y.:<\/strong><\/p>\n<ul>\n<li>atliekamas mokykl\u0173 i\u0161orinis vertinimas arba \u012fsivertinimas;<\/li>\n<li>remiantis mokykl\u0173 ir savivaldybi\u0173 turimais statistiniais, mokini\u0173 pasiekim\u0173 rezultat\u0173, i\u0161orinio vertinimo ataskait\u0173 ir kitais duomenimis rengiami mokykl\u0173 veiklos tobulinimo planai (toliau MVT planai), kurie derinami su steig\u0117ju ir Nacionaline \u0161vietimo agent\u016bra bei tvirtinami mokykl\u0173 vadov\u0173. I etapo silpn\u0105 geros mokyklos po\u017eymi\u0173 rai\u0161k\u0105 turin\u010dioms mokykloms (150) ir II etapo mokykloms MVT planus pad\u0117s rengti projekto konsultantai ar metodininkai, o stipri\u0105 geros mokyklos po\u017eymi\u0173 rai\u0161k\u0105 turin\u010dios mokyklos (30) MVT planus reng\u0117 savaranki\u0161kai;<\/li>\n<li>vadovaujantis projekto tvarkos apra\u0161u, MOKYKLOMS skiriamos tikslin\u0117s projekto l\u0117\u0161os MVT planams \u012fgyvendinti;<\/li>\n<li>skyrus l\u0117\u0161as, vykdoma suplanuot\u0173 veikl\u0173 \u012fgyvendinimo steb\u0117sena ir padarytos pa\u017eangos vertinimas kiekvienoje mokykloje. Pa\u017eangos vertinimas bus vykdomas po dvej\u0173 met\u0173 (150 mokykl\u0173 bus atliktas veiklos rizikos i\u0161orinis vertinimas) arba ne anks\u010diau kaip po pirm\u0173j\u0173 projekto met\u0173 (90 mokykl\u0173 bus atliktas i\u0161orinis vertinimas). Pasibaigus MVT plan\u0173 \u012fgyvendinimui stipri\u0105 geros mokyklos po\u017eymi\u0173 rai\u0161k\u0105 turin\u010dios mokyklos atliks savo veiklos kokyb\u0117s \u012fsivertinim\u0105.<\/li>\n<\/ul>\n<p>Tikimasi, kad \u012fgyvendintos projekto veiklos (i\u0161orinis vertinimas, pagalba mokykl\u0173 veiklos tobulinimui ir j\u0173 daromos pa\u017eangos vertinimas) taps pagrindu sisteminiam praktiniam kokyb\u0117s kult\u016bros \u012fgyvendinimui visose \u0161alies mokyklose.<\/p>\n<p><strong>Siektini rodikliai\u00a0<\/strong>\u2013 270 finansavim\u0105 ugdymo kokybei gerinti gavusi\u0173 mokykl\u0173; 70 proc. finansavim\u0105 ugdymo kokybei gerinti gavusi\u0173 mokykl\u0173, kuri\u0173 mokini\u0173 ugdymo pasiekimai pager\u0117jo.<\/p>\n<p><a href=\"https:\/\/e-seimas.lrs.lt\/portal\/legalAct\/lt\/TAD\/cc9545a2abc211e8aa33fe8f0fea665f?jfwid=-2icx9ex5p\"><strong>Kokyb\u0117s krep\u0161elio skyrimo bendrojo ugdymo mokykloms tvarkos apra\u0161as &gt;&gt;&gt;<\/strong><\/a><strong>,\u00a0<\/strong>patvirtintas Lietuvos Respublikos \u0161vietimo ir mokslo ministro 2018 m. rugpj\u016b\u010dio 29 d. \u012fsakymu Nr. V-707 ir Lietuvos Respublikos \u0161vietimo ir mokslo ministro 2021 m. kovo 30 d. \u012fsakymu Nr. V-496 .<\/p>\n<p><a href=\"https:\/\/e-seimas.lrs.lt\/portal\/legalAct\/lt\/TAD\/092bb9c2e78411e894a78279b4c56611?jfwid=-2icx9ex5p\"><strong>Projekto mokykl\u0173 s\u0105ra\u0161ai &gt;&gt;&gt;<\/strong><\/a><strong>,\u00a0<\/strong>patvirtinti Lietuvos Respublikos \u0161vietimo ir mokslo ministro 2018 m. lapkri\u010dio 13 d. \u012fsakymu Nr. V-888 I-jam projekto etapui.<\/p>\n<p>Projekto mokykl\u0173\u00a0<a href=\"https:\/\/e-seimas.lrs.lt\/portal\/legalAct\/lt\/TAD\/93b254e0eb2411eb866fe2e083228059\/asr\"><strong>s\u0105ra\u0161as &gt;&gt;&gt;<\/strong><\/a><strong>,\u00a0<\/strong>patvirtintas Lietuvos Respublikos \u0161vietimo ir mokslo ministro 2021 m.liepos 22 d. \u012fsakymu Nr. V-1321 II-jam projekto etapui.<\/p>\n","protected":false},"excerpt":{"rendered":"<p>Projektas \u201eKOKYB\u0116S KREP\u0160ELIS\u201c NR. 09.2.1-ESFA-V-719-01-0001 finansuojamas Europos socialinio fondo l\u0117\u0161omis Projekto tikslas\u00a0\u2013 pagerinti mokini\u0173 ugdymosi pasiekimus, \u012fgyvendinant poky\u010dius savivaldyb\u0117se ir mokyklose. Projekto \u012fgyvendinimo trukm\u0117:\u00a02019 &#8211; 2023 m. Projektui skirtos l\u0117\u0161os:\u00a030 324 200,95 \u00a0Eur. Projekto vadovas:\u00a0Au\u0161ra Liubinien\u0117, el. p.\u00a0ausra.liubiniene@nsa.smm.lt, tel. nr.&nbsp;<a href=\"https:\/\/www.nsa.smsm.lt\/old\/svietimo-pagalbos-departamentas\/projektai\/kokybes-krepselis-nr-09-2-1-esfa-v-719-01-0001\/\" class=\"placiau\">Pla\u010diau <i class=\"fa fa-caret-right\"><\/i><\/a><\/p>\n","protected":false},"author":1,"featured_media":0,"parent":10370,"menu_order":0,"comment_status":"closed","ping_status":"closed","template":"","meta":{"_acf_changed":false,"footnotes":""},"class_list":["post-10524","page","type-page","status-publish","hentry"],"acf":[],"_links":{"self":[{"href":"https:\/\/www.nsa.smsm.lt\/old\/wp-json\/wp\/v2\/pages\/10524","targetHints":{"allow":["GET"]}}],"collection":[{"href":"https:\/\/www.nsa.smsm.lt\/old\/wp-json\/wp\/v2\/pages"}],"about":[{"href":"https:\/\/www.nsa.smsm.lt\/old\/wp-json\/wp\/v2\/types\/page"}],"author":[{"embeddable":true,"href":"https:\/\/www.nsa.smsm.lt\/old\/wp-json\/wp\/v2\/users\/1"}],"replies":[{"embeddable":true,"href":"https:\/\/www.nsa.smsm.lt\/old\/wp-json\/wp\/v2\/comments?post=10524"}],"version-history":[{"count":0,"href":"https:\/\/www.nsa.smsm.lt\/old\/wp-json\/wp\/v2\/pages\/10524\/revisions"}],"up":[{"embeddable":true,"href":"https:\/\/www.nsa.smsm.lt\/old\/wp-json\/wp\/v2\/pages\/10370"}],"wp:attachment":[{"href":"https:\/\/www.nsa.smsm.lt\/old\/wp-json\/wp\/v2\/media?parent=10524"}],"curies":[{"name":"wp","href":"https:\/\/api.w.org\/{rel}","templated":true}]}}