{"id":10513,"date":"2022-11-26T14:29:38","date_gmt":"2022-11-26T12:29:38","guid":{"rendered":"https:\/\/www.nsa.smsm.lt\/old\/?page_id=10513"},"modified":"2023-01-11T23:40:20","modified_gmt":"2023-01-11T21:40:20","slug":"bendrojo-ugdymo-mokyklu-progimnaziju-ir-pagrindiniu-mokyklu-modernizavimas-siuolaikiniu-mokymosi-erdviu-kurimas","status":"publish","type":"page","link":"https:\/\/www.nsa.smsm.lt\/old\/infrastrukturos-pletros-departamentas\/projektai\/bendrojo-ugdymo-mokyklu-progimnaziju-ir-pagrindiniu-mokyklu-modernizavimas-siuolaikiniu-mokymosi-erdviu-kurimas\/","title":{"rendered":"Bendrojo ugdymo mokykl\u0173 (progimnazij\u0173 ir pagrindini\u0173 mokykl\u0173) modernizavimas: \u0161iuolaikini\u0173 mokymosi erdvi\u0173 k\u016brimas"},"content":{"rendered":"<p><img decoding=\"async\" src=\"https:\/\/www.nsa.smsm.lt\/old\/old\/wp-content\/uploads\/2020\/03\/kuriame-ateiti-2020.png\" \/><\/p>\n<p><strong>Projekto tikslas<\/strong>\u00a0\u2013 pagerinti ugdymo(si) kokyb\u0119 progimnazijose ir pagrindin\u0117se mokyklose, modernizuojant fizin\u0119 ir socialin\u0119 mokykl\u0173 aplink\u0105, t. y. kuriant mokini\u0173 ir mokytoj\u0173 poreikius, \u0161iandieninius ugdymo proceso reikalavimus atitinkan\u010dias edukacines erdves.<\/p>\n<p>Projekte dalyvauja \u0161vietimo ir mokslo ministro sudarytos komisijos pagal nustatytus kriterijus atrinktos 7 mokyklos:<\/p>\n<ul>\n<li><a href=\"http:\/\/www.kudirka.kaunas.lm.lt\/\">Kauno Vinco Kudirkos progimnazija<\/a>;<\/li>\n<li><a href=\"http:\/\/www.slienava.kaunas.lm.lt\/\">Kauno r. \u0160lienavos pagrindin\u0117 mokykla<\/a>;<\/li>\n<li><a href=\"http:\/\/rytas.kedainiai.lm.lt\/\">K\u0117daini\u0173 \u201eRyto\u201c progimnazija<\/a>;<\/li>\n<li><a href=\"https:\/\/www.facebook.com\/gedminai\/\">Klaip\u0117dos Gedmin\u0173 progimnazija<\/a>;<\/li>\n<li><a href=\"http:\/\/jtotoraitis.lt\/\">Marijampol\u0117s Jono Totorai\u010dio progimnazija<\/a>;<\/li>\n<li><a href=\"http:\/\/www.geguziai.lt\/\">\u0160iauli\u0173 Gegu\u017ei\u0173 progimnazija<\/a>;<\/li>\n<li><a href=\"http:\/\/www.baltupiuprogimnazija.vilnius.lm.lt\/\">Vilniaus Baltupi\u0173 progimnazija<\/a>.<\/li>\n<\/ul>\n<p><strong>Projekto partneriai:<\/strong>\u00a0septynios savivaldyb\u0117s, kuri\u0173 tarybos yra auk\u0161\u010diau i\u0161vardint\u0173 mokykl\u0173 steig\u0117jai, ir projektavimo darbus atliekanti\u00a0<a href=\"http:\/\/www.vda.lt\/\">Vilniaus dail\u0117s akademija<\/a>.<\/p>\n<p>Projekto \u012fgyvendinimo metu bus vykdomos \u0161ios veiklos:<\/p>\n<ol>\n<li>edukacini\u0173 erdvi\u0173 projektavimas. Bus parengta de\u0161imt projektini\u0173 pasi\u016blym\u0173 (po du pasi\u016blymus kiekvienam atrinkt\u0173 mokykl\u0173 architekt\u016briniam tipui), i\u0161 kuri\u0173 bus atrinkti geriausiai atitinkantys \u0161iuolaikin\u0117s mokyklos vizij\u0105. Pagal juos bus parengti septyni dalies patalp\u0173 techniniai projektai (kiekvienai atrinktai mokyklai individualiai);<\/li>\n<li>edukacini\u0173 erdvi\u0173 modernizavimas. Pagal parengtus septynis techninius projektus bus atnaujinta dalis atrinkt\u0173 mokykl\u0173 edukacini\u0173 erdvi\u0173, vykdant rekonstrukcijos darbus ir apr\u016bpinant jas b\u016btiniausiomis mokymo priemon\u0117mis ir \u012franga.<\/li>\n<\/ol>\n<p>\u012egyvendinus \u0161\u012f projekt\u0105, bus pagerintos mokymo(si) s\u0105lygos ir galimyb\u0117s siekti auk\u0161tesni\u0173 ugdymo(si) rezultat\u0173 projekte dalyvaujan\u010di\u0173 mokykl\u0173 mokiniams, stiprinti j\u0173 mokymosi motyvacij\u0105; tuo pa\u010diu \u0161iuolaiki\u0161kos, modernios edukacin\u0117s erdv\u0117s mokytojams suteiks galimyb\u0119 ugdymo procese taikyti modernius, ugdytini\u0173 poreikius atliepian\u010dius metodus.<\/p>\n<p>Projekto rezultatai gal\u0117s b\u016bti pritaikyti \u012fgyvendinant 2014\u20132020 met\u0173 Europos S\u0105jungos fond\u0173 investicij\u0173 veiksm\u0173 programos 9 prioriteto \u201eVisuomen\u0117s \u0161vietimas ir \u017emogi\u0161k\u0173j\u0173 i\u0161tekli\u0173 potencialo didinimas\u201c 9.1.3 konkretaus u\u017edavinio \u201ePadidinti bendrojo ugdymo ir neformaliojo \u0161vietimo \u012fstaig\u0173 (ypa\u010d vykdan\u010di\u0173 ikimokyklinio ir prie\u0161mokyklinio ugdymo programas) tinklo veiklos efektyvum\u0105\u201c priemones, kuriose yra numatytos bendrojo ugdymo mokykl\u0173 tinklo tobulinimo, pastat\u0173 ir mokymosi aplinkos modernizavimo, moderni\u0173 ir saugi\u0173 mokymosi erdvi\u0173 k\u016brimo veiklos.<\/p>\n<p>Projektui \u012fgyvendinti skirtos Europos regionin\u0117s pl\u0117tros fondo ir Lietuvos Respublikos valstyb\u0117s biud\u017eeto l\u0117\u0161os \u2013 2 896 200,18 eur\u0173.<\/p>\n<p><strong>Projekto trukm\u0117:\u00a0<\/strong>2015 m. gruod\u017eio 28 d. \u2013 2020 m. gruod\u017eio 31 d.<\/p>\n<p><strong>Informacij\u0105 teikia:<\/strong> Jurgita Nainien\u0117, el. p.\u00a0<a href=\"mailto:jurgita.nainiene@upc.smm.lt\">jurgita.nainiene@upc.smm.lt<\/a>,\u00a0tel. (8 5) 277 1359.<\/p>\n<p><a href=\"https:\/\/www.sac.smm.lt\/projektai-ir-programos\/projektai\/vykdomi-projektai\/es-projektai\/\"><strong>Veikla ir rezultatai<\/strong><\/a>:<\/p>\n<ol>\n<li><strong>Kauno Vinco Kudirkos progimnazija &#8211; <\/strong>baigti erdvi\u0173 remontai darbai ir i\u0161 dalies \u012frengtos edukacin\u0117s erdv\u0117s (\u012e mokykl\u0105 suve\u017eti baldai, \u012franga). Tiek\u0117jai artimiausiu metu \u012f mokykl\u0105 turi pristatyti likusius baldus ir \u012frang\u0105. Modernizuotas plotas &#8211; 568,52 m<sup>2 ;<\/sup><\/li>\n<li><strong>Kauno r. \u0160lienavos pagrindin\u0117 mokykla <\/strong>\u2212 edukacin\u0117s erdv\u0117s modernizuotos visi\u0161kai: baigti erdvi\u0173 remontai darbai ir \u012frengtos edukacin\u0117s erdv\u0117s. Modernizuotas plotas -431,5 m<sup>2<\/sup><\/li>\n<li><strong>Marijampol\u0117s Jono Totorai\u010dio progimnazija<\/strong> \u2212 edukacin\u0117s erdv\u0117s modernizuotos visi\u0161kai: baigti erdvi\u0173 remontai darbai ir \u012frengtos edukacin\u0117s erdv\u0117s Modernizuotas plotas -726,22 m<sup>2<\/sup><\/li>\n<li><strong>\u0160iauli\u0173 Gegu\u017ei\u0173 progimnazija<\/strong> \u2212 baigti erdvi\u0173 statybos\/ remontai darbai ir i\u0161 dalies \u012frengtos edukacin\u0117s erdv\u0117s (\u012e mokykl\u0105 suve\u017eti baldai, \u012franga). Tiek\u0117jai artimiausiu metu \u012f mokykl\u0105 turi pristatyti likusius baldus ir \u012frang\u0105. Modernizuotas plotas &#8211; 433 m<sup>2<\/sup><\/li>\n<li><strong>Vilniaus Baltupi\u0173 progimnazija<\/strong> \u2212 edukacin\u0117s erdv\u0117s modernizuotos visi\u0161kai: baigti erdvi\u0173 s remontai darbai ir \u012frengtos edukacin\u0117s erdv\u0117s Modernizuotas plotas -501, 66 m<sup>2<\/sup><\/li>\n<li><strong>K\u0117daini\u0173 \u201eRyto\u201c progimnazija &#8211;<\/strong> baigti erdvi\u0173 statybos\/ remontai darbai ir i\u0161 dalies \u012frengtos edukacin\u0117s erdv\u0117s (\u012e mokykl\u0105 suve\u017eti baldai, \u012franga). Tiek\u0117jai artimiausiu metu \u012f mokykl\u0105 turi pristatyti likusius baldus ir \u012frang\u0105. Modernizuotas plotas &#8211; 600 m<sup>2 <\/sup><\/li>\n<li><strong>Klaip\u0117dos Gedmin\u0173 progimnazija &#8211; <\/strong>nebaigti erdvi\u0173 statybos\/ remontai darbai . \u0160alinami remonto darb\u0173 defektai ir i\u0161 dalies \u012frengtos edukacin\u0117s erdv\u0117s (\u012e mokykl\u0105 suve\u017eti baldai, \u012franga). Tiek\u0117jai artimiausiu metu \u012f mokykl\u0105 turi pristatyti likusius baldus ir \u012frang\u0105. Modernizuojamas plotas \u2013 430 m<sup>2<\/sup><\/li>\n<\/ol>\n","protected":false},"excerpt":{"rendered":"<p>Projekto tikslas\u00a0\u2013 pagerinti ugdymo(si) kokyb\u0119 progimnazijose ir pagrindin\u0117se mokyklose, modernizuojant fizin\u0119 ir socialin\u0119 mokykl\u0173 aplink\u0105, t. y. kuriant mokini\u0173 ir mokytoj\u0173 poreikius, \u0161iandieninius ugdymo proceso reikalavimus atitinkan\u010dias edukacines erdves. Projekte dalyvauja \u0161vietimo ir mokslo ministro sudarytos komisijos pagal nustatytus kriterijus&nbsp;<a href=\"https:\/\/www.nsa.smsm.lt\/old\/infrastrukturos-pletros-departamentas\/projektai\/bendrojo-ugdymo-mokyklu-progimnaziju-ir-pagrindiniu-mokyklu-modernizavimas-siuolaikiniu-mokymosi-erdviu-kurimas\/\" class=\"placiau\">Pla\u010diau <i class=\"fa fa-caret-right\"><\/i><\/a><\/p>\n","protected":false},"author":1,"featured_media":0,"parent":10122,"menu_order":0,"comment_status":"closed","ping_status":"closed","template":"","meta":{"_acf_changed":false,"footnotes":""},"class_list":["post-10513","page","type-page","status-publish","hentry"],"acf":[],"_links":{"self":[{"href":"https:\/\/www.nsa.smsm.lt\/old\/wp-json\/wp\/v2\/pages\/10513","targetHints":{"allow":["GET"]}}],"collection":[{"href":"https:\/\/www.nsa.smsm.lt\/old\/wp-json\/wp\/v2\/pages"}],"about":[{"href":"https:\/\/www.nsa.smsm.lt\/old\/wp-json\/wp\/v2\/types\/page"}],"author":[{"embeddable":true,"href":"https:\/\/www.nsa.smsm.lt\/old\/wp-json\/wp\/v2\/users\/1"}],"replies":[{"embeddable":true,"href":"https:\/\/www.nsa.smsm.lt\/old\/wp-json\/wp\/v2\/comments?post=10513"}],"version-history":[{"count":0,"href":"https:\/\/www.nsa.smsm.lt\/old\/wp-json\/wp\/v2\/pages\/10513\/revisions"}],"up":[{"embeddable":true,"href":"https:\/\/www.nsa.smsm.lt\/old\/wp-json\/wp\/v2\/pages\/10122"}],"wp:attachment":[{"href":"https:\/\/www.nsa.smsm.lt\/old\/wp-json\/wp\/v2\/media?parent=10513"}],"curies":[{"name":"wp","href":"https:\/\/api.w.org\/{rel}","templated":true}]}}