{"id":10495,"date":"2022-09-04T14:18:18","date_gmt":"2022-09-04T12:18:18","guid":{"rendered":"https:\/\/www.nsa.smsm.lt\/old\/?page_id=10495"},"modified":"2023-01-11T23:36:51","modified_gmt":"2023-01-11T21:36:51","slug":"bendrojo-ugdymo-mokytoju-bendruju-ir-dalykiniu-kompetenciju-tobulinimas","status":"publish","type":"page","link":"https:\/\/www.nsa.smsm.lt\/old\/svietimo-pagalbos-departamentas\/projektai\/bendrojo-ugdymo-mokytoju-bendruju-ir-dalykiniu-kompetenciju-tobulinimas\/","title":{"rendered":"Bendrojo ugdymo mokytoj\u0173 bendr\u0173j\u0173 ir dalykini\u0173 kompetencij\u0173 tobulinimas"},"content":{"rendered":"<p><img loading=\"lazy\" decoding=\"async\" class=\"alignnone wp-image-10316\" src=\"https:\/\/www.nsa.smsm.lt\/old\/old\/wp-content\/uploads\/2019\/11\/ESFIVP-I-1-e1573204902622.jpg\" alt=\"\" width=\"186\" height=\"93\" \/><\/p>\n<p><strong>Projekto Nr.<\/strong> 09.4.2-ESFA-V-715-02-0001<br \/>\n<strong>Projekto trukm\u0117<\/strong> 2016 m. gruod\u017eio 2 d. \u2013 2021 m. lapkri\u010dio 30 d. (60 m\u0117nesi\u0173)<br \/>\n<strong>Projekto vert\u0117<\/strong> 4\u00a0923 540 Eur<\/p>\n<p><strong>Projekto trumpas apib\u016bdinimas<\/strong><\/p>\n<p>Projektas \u201eBendrojo ugdymo mokytoj\u0173 bendr\u0173j\u0173 ir dalykini\u0173 kompetencij\u0173 tobulinimas\u201c (Nr. 09.4.2-ESFA-V-715-02-0001) finansuojamas i\u0161 2014-2020\u00a0met\u0173 Europos S\u0105jungos fond\u0173 investicij\u0173 veiksm\u0173 programos 9 prioriteto \u201eVisuomen\u0117s \u0161vietimas ir \u017emogi\u0161k\u0173j\u0173 i\u0161tekli\u0173 potencialo didinimas\u201c 09.4.2-ESFA-V-715 priemon\u0117s \u201eFormaliojo ir neformaliojo mokymo paslaug\u0173 \u012fvairioms besimokan\u010di\u0173j\u0173 grup\u0117ms teikimas. Projekto tikslin\u0117 grup\u0117 \u2013 bendrojo ugdymo mokykl\u0173 mokytojai.<\/p>\n<p>Projekto tikslas &#8211; sudaryti s\u0105lygas bendrojo ugdymo mokykl\u0173 mokytojams tobulinti bendr\u0105sias ir dalykines kompetencijas, b\u016btinas ugdymo turiniui formuoti, \u012fgyvendinti ir efektyvinti pedagog\u0173 kvalifikacijos tobulinimo sistem\u0105.<\/p>\n<p>Projekto u\u017edaviniai:<\/p>\n<ol>\n<li>Tobulinti mokytoj\u0173 dalykines kompetencijas, atsi\u017evelgiant \u012f ugdymo turinio kaitos proces\u0105.<\/li>\n<li>Tobulinti mokytoj\u0173 bendr\u0105sias kompetencijas, atsi\u017evelgiant \u012f modernios visuomen\u0117s i\u0161\u0161\u016bkius.<\/li>\n<li>Tobulinti mokytoj\u0173 geb\u0117jimus, orientuotus \u012f ugdymo proceso tobulinim\u0105 bei praktin\u0117s patirties reflektavim\u0105.<\/li>\n<\/ol>\n<p>Projekto tikslin\u0117 grup\u0117 \u2013 bendrojo ugdymo mokykl\u0173 mokytojai.<\/p>\n<p><strong>Siekiami projekto rezultatai<\/strong><\/p>\n<p><strong>I u\u017edavinys:<\/strong><\/p>\n<ul>\n<li>atlikta dalykini\u0173 kompetencij\u0173 tobulinimo poreikio ir turinio analiz\u0117;<\/li>\n<li>sukurtos modulin\u0117s kvalifikacijos tobulinimo programos (6\u00a0dalyk\u0173 sri\u010di\u0173, kiekvienam dalykui KT programa, 48 akad. val.);<\/li>\n<li>organizuotos trumposios dalykin\u0117s sta\u017euot\u0117s kitose gerosios praktikos ES \u0161alyse (po 2\u00a0kiekvienai dalyk\u0173 sri\u010diai, kiekvienoje sta\u017euot\u0117je po 10 mokytoj\u0173);<\/li>\n<li>parengta atviros prieigos elektronin\u0117 priemon\u0117 mokytojams kiekvienai dalyk\u0173 sri\u010diai;<\/li>\n<li>organizuotos savirefleksijos dienos projekto dalyviams (po mokym\u0173, po sta\u017euot\u0117s), pad\u0117sian\u010dios pasiruo\u0161ti skaidai ir bendradarbiavimui;<\/li>\n<li>organizuotos vie\u0161osios konsultacijos su suinteresuotomis grup\u0117mis d\u0117l aktuali\u0173 pedagog\u0173 karjeros tem\u0173;<\/li>\n<li>organizuoti u\u017esienio ugdymo ekspert\u0173 pristatymai Lietuvoje (kiekvienai sri\u010diai 2\u00a0ekspertai), orientuoti \u012f dalykini\u0173 kompetencij\u0173 tobulinimo aspektus.<\/li>\n<li>surengta 1\u00a0apibendrinamoji konferencija<\/li>\n<\/ul>\n<p><strong>II u\u017edavinys:<\/strong><\/p>\n<ul>\n<li>atlikta bendr\u0173j\u0173 kompetencij\u0173 tobulinimo poreikio ir kokybin\u0117 turinio analiz\u0117;<\/li>\n<li>sukurtos 6\u00a0modulin\u0117s kvalifikacijos tobulinimo programos (po 40 akad. val.);<\/li>\n<li>parengta atviros prieigos elektronin\u0117 priemon\u0117 mokytojams, skirta bendrosioms kompetencijoms tobulinti<\/li>\n<li>organizuotos savirefleksijos dienos projekto dalyviams, pad\u0117sian\u010dios pasiruo\u0161ti skaidai ir bedradarbiavimui<\/li>\n<\/ul>\n<p><strong>III u\u017edavinys:<\/strong><\/p>\n<ul>\n<li>\u012evykdytos trumposios sta\u017euot\u0117s Lietuvoje (60\u00a0sta\u017euo\u010di\u0173 mokyklose, 180 mokytoj\u0173 dalyvavusi\u0173 sta\u017euot\u0117se);<\/li>\n<li>\u012egyvendinta inovatyvios pedagog\u0173 kvalifikacijos tobulinimo programos (mokymai pagal 20\u00a0program\u0173, 60 mokykl\u0173 komand\u0173);<\/li>\n<li>\u012evykdytos veiklos susijusios su aktuali\u0173 tem\u0173 \u012fgyvendinimu, orientuojantis \u012f mokini\u0173 poreiki\u0173 \u012fvairov\u0119 (1\u00a0analiz\u0117, 2 programos, metodinis leidinys, 2 u\u017esienio autori\u0173 knygos, 3 metodiniai filmai);<\/li>\n<li>Diegiamos pedagog\u0173 kvalifikacijos tobulinimo inovacijos (5\u00a0inovacij\u0173 ir bendradarbiavimo su verslo \u012fmon\u0117mis dienos, 500 dalyvi\u0173, inovacijos i\u0161bandytos 28 savivaldyb\u0117se)<\/li>\n<\/ul>\n<p><strong>Projekto tikslin\u0117 grup\u0117<\/strong> \u2013 bendrojo ugdymo mokykl\u0173 mokytojai.<\/p>\n<p><a href=\"https:\/\/www.upc.smm.lt\/projektai\/bendal\/apie.php\"><strong>Projekto rezultatai<\/strong><\/a><\/p>\n<p>&nbsp;<\/p>\n<p><strong>Projekto vadov\u0117s funkcijas atlieka<\/strong><\/p>\n<p>Irena Ramo\u0161kait\u0117<\/p>\n<p>Tel. nr. 8 658 18013<br \/>\nel. p. <a href=\"mailto:irena.ramoskaite@nsa.smm.lt\">irena.ramoskaite@nsa.smm.lt<\/a><\/p>\n","protected":false},"excerpt":{"rendered":"<p>Projekto Nr. 09.4.2-ESFA-V-715-02-0001 Projekto trukm\u0117 2016 m. gruod\u017eio 2 d. \u2013 2021 m. lapkri\u010dio 30 d. (60 m\u0117nesi\u0173) Projekto vert\u0117 4\u00a0923 540 Eur Projekto trumpas apib\u016bdinimas Projektas \u201eBendrojo ugdymo mokytoj\u0173 bendr\u0173j\u0173 ir dalykini\u0173 kompetencij\u0173 tobulinimas\u201c (Nr. 09.4.2-ESFA-V-715-02-0001) finansuojamas i\u0161 2014-2020\u00a0met\u0173&nbsp;<a href=\"https:\/\/www.nsa.smsm.lt\/old\/svietimo-pagalbos-departamentas\/projektai\/bendrojo-ugdymo-mokytoju-bendruju-ir-dalykiniu-kompetenciju-tobulinimas\/\" class=\"placiau\">Pla\u010diau <i class=\"fa fa-caret-right\"><\/i><\/a><\/p>\n","protected":false},"author":1,"featured_media":0,"parent":10370,"menu_order":0,"comment_status":"closed","ping_status":"closed","template":"","meta":{"_acf_changed":false,"footnotes":""},"class_list":["post-10495","page","type-page","status-publish","hentry"],"acf":[],"_links":{"self":[{"href":"https:\/\/www.nsa.smsm.lt\/old\/wp-json\/wp\/v2\/pages\/10495","targetHints":{"allow":["GET"]}}],"collection":[{"href":"https:\/\/www.nsa.smsm.lt\/old\/wp-json\/wp\/v2\/pages"}],"about":[{"href":"https:\/\/www.nsa.smsm.lt\/old\/wp-json\/wp\/v2\/types\/page"}],"author":[{"embeddable":true,"href":"https:\/\/www.nsa.smsm.lt\/old\/wp-json\/wp\/v2\/users\/1"}],"replies":[{"embeddable":true,"href":"https:\/\/www.nsa.smsm.lt\/old\/wp-json\/wp\/v2\/comments?post=10495"}],"version-history":[{"count":0,"href":"https:\/\/www.nsa.smsm.lt\/old\/wp-json\/wp\/v2\/pages\/10495\/revisions"}],"up":[{"embeddable":true,"href":"https:\/\/www.nsa.smsm.lt\/old\/wp-json\/wp\/v2\/pages\/10370"}],"wp:attachment":[{"href":"https:\/\/www.nsa.smsm.lt\/old\/wp-json\/wp\/v2\/media?parent=10495"}],"curies":[{"name":"wp","href":"https:\/\/api.w.org\/{rel}","templated":true}]}}