{"id":10397,"date":"2022-12-09T11:01:23","date_gmt":"2022-12-09T09:01:23","guid":{"rendered":"https:\/\/www.nsa.smsm.lt\/old\/?page_id=10397"},"modified":"2023-01-11T23:37:19","modified_gmt":"2023-01-11T21:37:19","slug":"mokiniu-akademiniu-gebejimu-atpazinimo-ir-ju-ugdymo-kokybes-pletra-nr-09-2-2-esfa-v-707-01-0001","status":"publish","type":"page","link":"https:\/\/www.nsa.smsm.lt\/old\/svietimo-pagalbos-departamentas\/projektai\/mokiniu-akademiniu-gebejimu-atpazinimo-ir-ju-ugdymo-kokybes-pletra-nr-09-2-2-esfa-v-707-01-0001\/","title":{"rendered":"\u201eMokini\u0173 akademini\u0173 geb\u0117jim\u0173 atpa\u017einimo ir j\u0173 ugdymo kokyb\u0117s pl\u0117tra\u201c Nr. 09.2.2-ESFA-V-707-01-0001"},"content":{"rendered":"<h3><img loading=\"lazy\" decoding=\"async\" class=\" wp-image-11965 alignnone\" src=\"https:\/\/www.nsa.smsm.lt\/old\/old\/wp-content\/uploads\/2020\/04\/eu.png\" alt=\"\" width=\"335\" height=\"154\" srcset=\"https:\/\/www.nsa.smsm.lt\/old\/wp-content\/uploads\/2020\/04\/eu.png 320w, https:\/\/www.nsa.smsm.lt\/old\/wp-content\/uploads\/2020\/04\/eu-300x138.png 300w\" sizes=\"auto, (max-width: 335px) 100vw, 335px\" \/><\/h3>\n<h3><strong>Projektas finansuojamas Europos socialinio fondo l\u0117\u0161omis<\/strong><\/h3>\n<h3><strong>MOKINI\u0172 AKADEMINI\u0172 GEB\u0116JIM\u0172 ATPA\u017dINIMO IR J\u0172 UGDYMO KOKYB\u0116S PL\u0116TRA Nr. 09.2.2-ESFA-V-707-01-0001\u00a0<\/strong><\/h3>\n<p><strong>Projekto vert\u0117:\u00a0<\/strong>3\u00a0614 656,25 Eur.<br \/>\n<strong>Projekto trukm\u0117:<\/strong>\u00a02019 m. bir\u017eelio 14 d. \u2013 2022 m. bir\u017eelio 14 d.<\/p>\n<p><strong>Pagrindinis projekto tikslas<\/strong>\u00a0\u2013 pl\u0117toti mokini\u0173 geb\u0117jim\u0173 atpa\u017einim\u0105 ir j\u0173 vystym\u0105, \u012fgalinant ir motyvuojant mokytojus, psichologus atpa\u017einti mokini\u0173 geb\u0117jimus ir atpa\u017einus juos tinkamai ugdyti.<\/p>\n<p>Kiekvieno vaiko akademiniai geb\u0117jimai turi b\u016bti atpa\u017einti tam, kad kiekvienas mokytojas tur\u0117t\u0173 galimyb\u0119 patenkinti unikalius vaiko ugdymo(-si) poreikius ir b\u016bt\u0173 siekiama didesn\u0117s kiekvieno mokinio pa\u017eangos. Tad projekto metu bus sukurtos bei parengtos gabi\u0173 vaik\u0173 atpa\u017einimo bei \u012fvertimo metodikos, instrumentai bei metodin\u0117s priemon\u0117s Lietuvos pedagogams ir psichologams. Taip pat projekto metu mokini\u0173 ugdymosi galimyb\u0117s gauti j\u0173 poreikius atitinkant\u012f formal\u0173j\u012f ir neformal\u0173j\u012f ugdym\u0105 bus didinamos, papildant bendr\u0105sias pradinio ir pagrindinio ugdymo programas specialiais matematikos, lietuvi\u0173 kalbos ir gamtos moksl\u0173 praturtinan\u010diais ir pagilinan\u010diais moduliais, rengiant ir \u012fgyvendinant neformaliojo ugdymo formas, keliant mokytoj\u0173, psicholog\u0173 ir kit\u0173 \u0161vietimo sistemoje dirban\u010di\u0173 darbuotoj\u0173 kvalifikacij\u0105, praturtinant j\u0173 \u017einias \u012fvairiuose nacionalinio ir tarptautinio lygmens kvalifikacijos tobulinimo renginiuose. Projekto veiklos truks dvejus metus (2016\/10-2018\/10).<\/p>\n<p><strong>PROJEKTO EIGA IR SIEKIAMI REZULTATAI<\/strong><\/p>\n<p><strong>I u\u017edavinys<\/strong>\u00a0\u2013 parengti mokini\u0173 geb\u0117jim\u0173 atpa\u017einimo ir vertinimo instrument\u0105 mokytojams ir psichologams (1-8 klas\u0117ms) ir metodin\u0119 med\u017eiag\u0105 drauge vykdant mokymus regionuose visoje Lietuvoje.<\/p>\n<p><strong>II u\u017edavinys\u00a0<\/strong>\u2013 parengti specialiuosius modulius (lietuvi\u0173 kalbos, matematikos ir gamtamoksli\u0173 dalyk\u0173 papildoma mokomoji med\u017eiaga, t.y. \u012fdomesn\u0117s, \u012fvairesn\u0117s, k\u016brybi\u0161kum\u0105 skatinan\u010dios u\u017eduotys 3-8 klas\u0117ms), drauge vykdant mokymus regionuose visoje Lietuvoje.<\/p>\n<p><strong>III u\u017edavinys \u2013\u00a0<\/strong>organizuoti neformaliojo ugdymo u\u017esi\u0117mimus auk\u0161tesni\u0173j\u0173 geb\u0117jim\u0173 turintiems vaikams, organizuojant \u017eini\u0173 viktorin\u0105 (TV laida ,,Lietuvos T\u016bkstantme\u010dio vaikai\u201c).<\/p>\n<p><strong>Siekiami rezultatai skai\u010diais:<\/strong><strong><em>\u00a0<\/em><\/strong><\/p>\n<ol>\n<li><strong>3600\u00a0<\/strong>mokini\u0173 tiesiogiai suteikta \u0161vietimo pagalba projekto metu.<\/li>\n<li>Parengt\u0173 mokini\u0173 geb\u0117jim\u0173 atpa\u017einimui ir vertinimui skirt\u0173 metodini\u0173 priemoni\u0173 bei\u00a0 metodin\u0117s med\u017eiagos\u00a0<u>mokytojams\u00a0<\/u>ir\u00a0<u>t\u0117vams<\/u>\u00a0 paket\u0173 skai\u010dius \u2013\u00a0<strong>12\u00a0 vnt<\/strong>. (prieinama visiems mokytojams ir psichologams).<\/li>\n<li>Parengt\u0173 intelektini\u0173 geb\u0117jim\u0173 vertinimo atrankini\u0173\u00a0 instrument\u0173 bei metodin\u0117s med\u017eiagos\u00a0<u>psichologams\u00a0<\/u>paket\u0173 skai\u010dius \u2013\u00a0<strong>4 vnt<\/strong>. (prieinama visiems psichologams).<\/li>\n<li>Parengta\u00a0<strong>18\u00a0<\/strong>speciali\u0173j\u0173 moduli\u0173 ir\u00a0<strong>18\u00a0<\/strong>mokymo priemoni\u0173\/metodin\u0117s med\u017eiagos komplekt\u0173, t.y<strong>. 3-8 klas\u0117s, lietuvi\u0173 kalba, matematika, gamtamoksliai dalykai<\/strong>\u00a0(prieinama visiems mokytojams).<\/li>\n<li><strong>1380\u00a0<\/strong>pedagog\u0173 ir psicholog\u0173 dalyvaus renginiuose ir pakels kvalifikacij\u0105 projekto metu (filmuota vis\u0173 mokym\u0173 med\u017eiaga prieinama vie\u0161ai).<\/li>\n<\/ol>\n<p><strong>PARTNERIAI<\/strong><\/p>\n<p>Projektas apims daugum\u0105 Lietuvos region\u0173, jame dalyvauja 30 Lietuvos Respublikos \u0161vietimo ir mokslo ministro \u012fsakymu atrinkt\u0173 Lietuvos mokykl\u0173 \u2013 partneri\u0173.<\/p>\n<div>\n<p><strong>Kontaktiniai asmenys:<\/strong><\/p>\n<p><strong>Projekto vadov\u0117<br \/>\n<\/strong>Inga Nekro\u0161ien\u0117<br \/>\nTel.: (8 5) 230 5372<br \/>\n<a href=\"mailto:inga.nekrosiene@nsa.smm.lt\">inga.nekrosiene@nsa.smm.lt<\/a><\/p>\n<\/div>\n","protected":false},"excerpt":{"rendered":"<p>Projektas finansuojamas Europos socialinio fondo l\u0117\u0161omis MOKINI\u0172 AKADEMINI\u0172 GEB\u0116JIM\u0172 ATPA\u017dINIMO IR J\u0172 UGDYMO KOKYB\u0116S PL\u0116TRA Nr. 09.2.2-ESFA-V-707-01-0001\u00a0 Projekto vert\u0117:\u00a03\u00a0614 656,25 Eur. Projekto trukm\u0117:\u00a02019 m. bir\u017eelio 14 d. \u2013 2022 m. bir\u017eelio 14 d. Pagrindinis projekto tikslas\u00a0\u2013 pl\u0117toti mokini\u0173 geb\u0117jim\u0173 atpa\u017einim\u0105&nbsp;<a href=\"https:\/\/www.nsa.smsm.lt\/old\/svietimo-pagalbos-departamentas\/projektai\/mokiniu-akademiniu-gebejimu-atpazinimo-ir-ju-ugdymo-kokybes-pletra-nr-09-2-2-esfa-v-707-01-0001\/\" class=\"placiau\">Pla\u010diau <i class=\"fa fa-caret-right\"><\/i><\/a><\/p>\n","protected":false},"author":1,"featured_media":0,"parent":10370,"menu_order":0,"comment_status":"closed","ping_status":"closed","template":"","meta":{"_acf_changed":false,"footnotes":""},"class_list":["post-10397","page","type-page","status-publish","hentry"],"acf":[],"_links":{"self":[{"href":"https:\/\/www.nsa.smsm.lt\/old\/wp-json\/wp\/v2\/pages\/10397","targetHints":{"allow":["GET"]}}],"collection":[{"href":"https:\/\/www.nsa.smsm.lt\/old\/wp-json\/wp\/v2\/pages"}],"about":[{"href":"https:\/\/www.nsa.smsm.lt\/old\/wp-json\/wp\/v2\/types\/page"}],"author":[{"embeddable":true,"href":"https:\/\/www.nsa.smsm.lt\/old\/wp-json\/wp\/v2\/users\/1"}],"replies":[{"embeddable":true,"href":"https:\/\/www.nsa.smsm.lt\/old\/wp-json\/wp\/v2\/comments?post=10397"}],"version-history":[{"count":0,"href":"https:\/\/www.nsa.smsm.lt\/old\/wp-json\/wp\/v2\/pages\/10397\/revisions"}],"up":[{"embeddable":true,"href":"https:\/\/www.nsa.smsm.lt\/old\/wp-json\/wp\/v2\/pages\/10370"}],"wp:attachment":[{"href":"https:\/\/www.nsa.smsm.lt\/old\/wp-json\/wp\/v2\/media?parent=10397"}],"curies":[{"name":"wp","href":"https:\/\/api.w.org\/{rel}","templated":true}]}}