{"id":10394,"date":"2022-11-16T10:59:24","date_gmt":"2022-11-16T08:59:24","guid":{"rendered":"https:\/\/www.nsa.smsm.lt\/old\/?page_id=10394"},"modified":"2023-01-11T23:37:15","modified_gmt":"2023-01-11T21:37:15","slug":"mokiniu-gebejimu-atkleidimo-ir-ju-ugdymo-sistemos-pletra-nr-09-2-2-esfa-v-707-04-0001","status":"publish","type":"page","link":"https:\/\/www.nsa.smsm.lt\/old\/svietimo-pagalbos-departamentas\/projektai\/mokiniu-gebejimu-atkleidimo-ir-ju-ugdymo-sistemos-pletra-nr-09-2-2-esfa-v-707-04-0001\/","title":{"rendered":"\u201eMokini\u0173 geb\u0117jim\u0173 atskleidimo ir j\u0173 ugdymo sistemos pl\u0117tra\u201c Nr. 09.2.2-ESFA-V-707-04-000"},"content":{"rendered":"<h3><img loading=\"lazy\" decoding=\"async\" class=\" wp-image-11965 alignnone\" src=\"https:\/\/www.nsa.smsm.lt\/old\/old\/wp-content\/uploads\/2020\/04\/eu.png\" alt=\"\" width=\"335\" height=\"154\" srcset=\"https:\/\/www.nsa.smsm.lt\/old\/wp-content\/uploads\/2020\/04\/eu.png 320w, https:\/\/www.nsa.smsm.lt\/old\/wp-content\/uploads\/2020\/04\/eu-300x138.png 300w\" sizes=\"auto, (max-width: 335px) 100vw, 335px\" \/><\/h3>\n<h3><strong>Projektas finansuojamas Europos socialinio fondo l\u0117\u0161omis<\/strong><\/h3>\n<h5><strong>\u201eMokini\u0173 geb\u0117jim\u0173 atksleidimo ir j\u0173 ugdymo sistemos pl\u0117tra\u201c Nr. 09.2.2-ESFA-V-707-04-0001<\/strong><\/h5>\n<p><strong>Projekt\u0105 \u012fgyvendina:<\/strong><\/p>\n<ul>\n<li><strong>Specialiosios pedagogikos ir psichologijos centras (parei\u0161k\u0117jas) \u00a0<\/strong><\/li>\n<li><strong>Lietuvos mokini\u0173 neformaliojo \u0161vietimo centras (partneris)<\/strong><\/li>\n<\/ul>\n<p>Projektas yra sud\u0117tin\u0117 Vyriausyb\u0117s projekto\u00a0<strong>,,Bendrojo ugdymo turinio ir pasiekim\u0173 sistemos atnaujinimas ir mokykl\u0173 apr\u016bpinimas \u0161iuolaikin\u0117mis priemon\u0117mis (Ugdymas atei\u010diai)\u201c\u00a0<\/strong>dalis, kuriuo siekiama u\u017etikrinti gilesn\u012f i\u0161mokim\u0105 subalansuojant dalykin\u012f turin\u012f ir XXI a. b\u016btin\u0173 geb\u0117jim\u0173 ir kompetencij\u0173 ugdym\u0105, be to, \u017eini\u0173 patikrinimus orientuoti \u012f geb\u0117jim\u0173 vertinim\u0105, modernizuoti mokymo priemon\u0117s ir aplinkas.<\/p>\n<p><strong>Projekto tikslas<\/strong>\u00a0\u2013 kurti ir pl\u0117toti mokini\u0173 geb\u0117jim\u0173 atpa\u017einim\u0105 ir j\u0173 vystym\u0105 \u012fgalinant psichologus ir mokytojus pa\u017einti mokinio geb\u0117jimus ir parinkti jiems tinkam\u0105 ugdym\u0105.<\/p>\n<p>Projekto veiklos:<\/p>\n<ol>\n<li><strong>Sukurti tvari\u0105 vaik\u0173 geb\u0117jim\u0173 atpa\u017einimo sistem\u0105.<\/strong><\/li>\n<\/ol>\n<p>1.1. Mokini\u0173 geb\u0117jim\u0173 atpa\u017einimo ir j\u0173 ugdymo veiksmo tyrimo vykdymas mokyklose.<\/p>\n<p>1.2. Pedagog\u0173 ir psicholog\u0173 mokymas atpa\u017einti mokini\u0173 geb\u0117jimus, pritaikyti jiems ugdymo turin\u012f.<\/p>\n<p>1.3. Adaptuoti ir standartizuoti mokini\u0173 geb\u0117jim\u0173 atpa\u017einimo ir vertinimo instrument\u0105 CFT20-R 9-10 klas\u0117ms.<\/p>\n<ol start=\"2\">\n<li><strong>Sudaryti galimybes mokiniams pagal j\u0173 poreikius \u012fsivertinti savo \u017einias ir geb\u0117jimus, ugdyti mokslin\u012f kritin\u012f m\u0105stym\u0105.<\/strong><\/li>\n<\/ol>\n<p>2.1. Nacionaliniai renginiai Lietuvos mokiniams.<\/p>\n<p>2.2. Atrankos ir pasirengimo stovyklos Lietuvos mokini\u0173 dalyvavimui tarptautiniuose renginiuose.<\/p>\n<p>2.3. Lietuvos mokini\u0173 dalyvavimas tarptautiniuose renginiuose.<\/p>\n<p>2.4. Pasaulin\u0117 mokini\u0173 fizikos olimpiada.<\/p>\n<ol start=\"3\">\n<li><strong>Didinti galimybes kiekvienam mokiniui gauti jo poreikius atitinkant\u012f neformal\u0173j\u012f ugdym\u0105.<\/strong><\/li>\n<\/ol>\n<p>3.1. Mokini\u0173 mokslin\u0117 \u2013 tiriamoji veikla.<\/p>\n<p><strong>\u00a0<\/strong><\/p>\n<p><strong>Projekto biud\u017eetas:\u00a0<\/strong>3 593 070 Eur<\/p>\n<p><strong>Projekto vadov\u0117:<br \/>\n<\/strong>Inga Nekro\u0161ien\u0117<br \/>\ntel.: 8\u00a0617 00783<br \/>\n<a href=\"mailto:inga.nekrosiene@sppc.lt\">inga.nekrosiene@sppc.lt<\/a><\/p>\n","protected":false},"excerpt":{"rendered":"<p>Projektas finansuojamas Europos socialinio fondo l\u0117\u0161omis \u201eMokini\u0173 geb\u0117jim\u0173 atksleidimo ir j\u0173 ugdymo sistemos pl\u0117tra\u201c Nr. 09.2.2-ESFA-V-707-04-0001 Projekt\u0105 \u012fgyvendina: Specialiosios pedagogikos ir psichologijos centras (parei\u0161k\u0117jas) \u00a0 Lietuvos mokini\u0173 neformaliojo \u0161vietimo centras (partneris) Projektas yra sud\u0117tin\u0117 Vyriausyb\u0117s projekto\u00a0,,Bendrojo ugdymo turinio ir pasiekim\u0173&nbsp;<a href=\"https:\/\/www.nsa.smsm.lt\/old\/svietimo-pagalbos-departamentas\/projektai\/mokiniu-gebejimu-atkleidimo-ir-ju-ugdymo-sistemos-pletra-nr-09-2-2-esfa-v-707-04-0001\/\" class=\"placiau\">Pla\u010diau <i class=\"fa fa-caret-right\"><\/i><\/a><\/p>\n","protected":false},"author":1,"featured_media":0,"parent":10370,"menu_order":0,"comment_status":"closed","ping_status":"closed","template":"","meta":{"_acf_changed":false,"footnotes":""},"class_list":["post-10394","page","type-page","status-publish","hentry"],"acf":[],"_links":{"self":[{"href":"https:\/\/www.nsa.smsm.lt\/old\/wp-json\/wp\/v2\/pages\/10394","targetHints":{"allow":["GET"]}}],"collection":[{"href":"https:\/\/www.nsa.smsm.lt\/old\/wp-json\/wp\/v2\/pages"}],"about":[{"href":"https:\/\/www.nsa.smsm.lt\/old\/wp-json\/wp\/v2\/types\/page"}],"author":[{"embeddable":true,"href":"https:\/\/www.nsa.smsm.lt\/old\/wp-json\/wp\/v2\/users\/1"}],"replies":[{"embeddable":true,"href":"https:\/\/www.nsa.smsm.lt\/old\/wp-json\/wp\/v2\/comments?post=10394"}],"version-history":[{"count":0,"href":"https:\/\/www.nsa.smsm.lt\/old\/wp-json\/wp\/v2\/pages\/10394\/revisions"}],"up":[{"embeddable":true,"href":"https:\/\/www.nsa.smsm.lt\/old\/wp-json\/wp\/v2\/pages\/10370"}],"wp:attachment":[{"href":"https:\/\/www.nsa.smsm.lt\/old\/wp-json\/wp\/v2\/media?parent=10394"}],"curies":[{"name":"wp","href":"https:\/\/api.w.org\/{rel}","templated":true}]}}