{"id":10384,"date":"2022-11-16T10:49:55","date_gmt":"2022-11-16T08:49:55","guid":{"rendered":"https:\/\/www.nsa.smsm.lt\/old\/?page_id=10384"},"modified":"2023-01-11T23:37:08","modified_gmt":"2023-01-11T21:37:08","slug":"saugios-aplinkos-mokykloje-kurimas-ii-nr-09-2-2-esfa-v-729-03-0001","status":"publish","type":"page","link":"https:\/\/www.nsa.smsm.lt\/old\/svietimo-pagalbos-departamentas\/projektai\/saugios-aplinkos-mokykloje-kurimas-ii-nr-09-2-2-esfa-v-729-03-0001\/","title":{"rendered":"\u201eSaugios aplinkos mokykloje k\u016brimas II\u201c Nr. 09.2.2-ESFA-V-729-03-0001"},"content":{"rendered":"<h3><img loading=\"lazy\" decoding=\"async\" class=\" wp-image-11965 alignnone\" src=\"https:\/\/www.nsa.smsm.lt\/old\/old\/wp-content\/uploads\/2020\/04\/eu.png\" alt=\"\" width=\"335\" height=\"154\" srcset=\"https:\/\/www.nsa.smsm.lt\/old\/wp-content\/uploads\/2020\/04\/eu.png 320w, https:\/\/www.nsa.smsm.lt\/old\/wp-content\/uploads\/2020\/04\/eu-300x138.png 300w\" sizes=\"auto, (max-width: 335px) 100vw, 335px\" \/><\/h3>\n<h3><strong>Projektas finansuojamas Europos socialinio fondo l\u0117\u0161omis<\/strong><\/h3>\n<h3><strong>Projektas \u201eSaugios aplinkos mokykloje k\u016brimas II\u201c<\/strong><\/h3>\n<h5><strong>Nr. 09.2.2-ESFA-V-729-03-0001<\/strong><\/h5>\n<p><strong>Projekto tikslas<\/strong>\u00a0\u2013 kurti ir palaikyti saugi\u0105 aplink\u0105 mokykloje, sudarant palankias s\u0105lygas mokini\u0173 asmenyb\u0117s ugdymuisi, akademini\u0173 pasiekim\u0173 gerinimui, ma\u017einant socialin\u0119 atskirt\u012f bei sprend\u017eiant i\u0161kritimo i\u0161 mokyklos problem\u0105.<\/p>\n<p><strong>\u0160io projekto l\u0117\u0161omis:<\/strong><\/p>\n<ol>\n<li>finansuojamas \u012fvairi\u0173 sri\u010di\u0173 17 prevencini\u0173 program\u0173 \u012fgyvendinamas mokyklose,<\/li>\n<li>organizuojami mokymai mokykl\u0173 vadovams apie saugios aplinkos mokykloje k\u016brim\u0105 ir prevencin\u0117s veiklos vykdym\u0105,<\/li>\n<li>rengiama savi\u017eudybi\u0173 prevencin\u0117s programos metodin\u0117 med\u017eiaga ir i\u0161bandoma savi\u017eudybi\u0173 prevencijos programa atrinktose mokykloje.<\/li>\n<li>steigiami psichologo etatai mokyklose ir teikiama psichologin\u0117 pagalba.<\/li>\n<\/ol>\n<p>Per trejus projekto \u012fgyvendinimo metus \u012f projekto veiklas numatoma \u012ftraukti apie 1000 mokykl\u0173. Atsi\u017evelgdamos \u012f mokini\u0173 am\u017ei\u0173, aktualius\/ spr\u0119stinus klausimus, pa\u010dios mokyklos gali rinktis, kokias prevencines programas \u012fgyvendinti.<\/p>\n<p>Projekto veikloms \u012fgyvendinti i\u0161 viso skirta 7,8 mln. Eur.<\/p>\n<p>Projekto veikl\u0173 prad\u017eia 2016 m. spalio 20 d.<\/p>\n<p>Projekto sutartis pasira\u0161yta 2017 m. kovo 31 d., trukm\u0117 40 m\u0117n.<\/p>\n<p><strong>Projekto u\u017edaviniai<\/strong>:<\/p>\n<p><strong>I. \u012egyvendinti smurto ir paty\u010di\u0173 prevencijos programas \u0161alies mokyklose bei stiprinti mokyklos administracijos kompetencijas prevencini\u0173 program\u0173 \u012fgyvendinimo srityje<\/strong>.<\/p>\n<p>\u0160io u\u017edaviniui \u012fgyvendinti finansuojamas septyni\u0173 socialini\u0173 ir emocini\u0173 kompetencij\u0173 ugdymo program\u0173 ir vienos paty\u010di\u0173 prevencijos programos diegimas:<\/p>\n<table class=\"sppc\" width=\"100%\">\n<tbody>\n<tr>\n<td width=\"177\">Prevencin\u0117 programa<\/td>\n<td width=\"123\">Programos tikslin\u0117 grup\u0117<\/td>\n<td width=\"189\">Projekto l\u0117\u0161omis bus apmokyta<\/td>\n<td width=\"198\">Programos\u00a0 \u012fgyvendinimo paslaugas teikia (\u012fgyvendina program\u0105)<\/td>\n<\/tr>\n<tr>\n<td width=\"177\">Socialini\u0173 ir emocini\u0173 kompetencij\u0173 ugdymo programa \u201eZipio draugai\u201c<\/td>\n<td width=\"123\">Prie\u0161mokyklin\u0117s ir 1 kl. mokiniai<\/td>\n<td width=\"189\">620 pedagog\u0173<\/td>\n<td width=\"198\">V\u0161\u012e \u201eVaiko labui\u201c<br \/>\n<a href=\"http:\/\/www.vaikolabui.lt\/\">www.vaikolabui.lt<\/a><\/td>\n<\/tr>\n<tr>\n<td width=\"177\">Socialini\u0173 ir emocini\u0173 kompetencij\u0173 ugdymo programa \u201eObuolio draugai\u201c<\/td>\n<td width=\"123\">2-3 kl. mokiniai<\/td>\n<td width=\"189\">530 mokytoj\u0173<\/td>\n<td width=\"198\">V\u0161\u012e \u201eVaiko labui\u201c<br \/>\n<a href=\"http:\/\/www.vaikolabui.lt\/\">www.vaikolabui.lt<\/a><\/td>\n<\/tr>\n<tr>\n<td width=\"177\">Socialini\u0173 ir emocini\u0173 kompetencij\u0173 ugdymo programa \u201e\u012eveikime kartu\u201c<\/td>\n<td width=\"123\">2-4 kl. mokiniai<\/td>\n<td width=\"189\">120 mokytoj\u0173<\/td>\n<td width=\"198\">V\u0161\u012e \u201eVaiko labui\u201c<br \/>\n<a href=\"http:\/\/www.vaikolabui.lt\/\">www.vaikolabui.lt<\/a><\/td>\n<\/tr>\n<tr>\n<td width=\"177\">Socialini\u0173 ir emocini\u0173 kompetencij\u0173 ugdymo programa \u201eAntras \u017eingsnis\u201c<\/td>\n<td width=\"123\">1-4 kl. mokiniai<\/td>\n<td width=\"189\">720 mokytoj\u0173<\/td>\n<td width=\"198\">V\u0161\u012e \u201eParamos vaikams centras\u201c<br \/>\n<a href=\"http:\/\/www.pvc.lt\/\">www.pvc.lt<\/a><\/td>\n<\/tr>\n<tr>\n<td width=\"177\">LIONS QUEST programa \u201eLaikas kartu\u201c<\/td>\n<td width=\"123\">Prie\u0161mokyklin\u0117s grup\u0117s ir 1-4 klasi\u0173 mokiniai<\/td>\n<td width=\"189\">830 mokytoj\u0173, klasi\u0173 vadov\u0173, \u0161vietimo pagalbos specialist\u0173<\/td>\n<td width=\"198\">V\u0161\u012e \u201eLIONS QUEST LEITUVA\u201c<br \/>\n<a href=\"http:\/\/lions-quest.lt\/\">http:\/\/lions-quest.lt\/<\/a><\/td>\n<\/tr>\n<tr>\n<td width=\"177\">LIONS QUEST programa \u201ePaauglyst\u0117s kry\u017ekel\u0117s\u201c<\/td>\n<td width=\"123\">5-8 kl. mokiniai, j\u0173 mokytojai ir t\u0117vai<\/td>\n<td width=\"189\">4640 mokytoj\u0173, klasi\u0173 vadov\u0173, \u0161vietimo pagalbos specialist\u0173<\/td>\n<td width=\"198\">V\u0161\u012e \u201eLIONS QUEST LEITUVA\u201c<br \/>\n<a href=\"http:\/\/lions-quest.lt\/\">http:\/\/lions-quest.lt\/<\/a><\/td>\n<\/tr>\n<tr>\n<td width=\"177\">LIONS QUEST \u201eRaktai \u012f s\u0117km\u0119\u201d<\/td>\n<td width=\"123\">I-IV gimnazijos klas\u0117s mokiniai<\/td>\n<td width=\"189\">3500 mokytoj\u0173, klasi\u0173 vadov\u0173, \u0161vietimo pagalbos specialist\u0173<\/td>\n<td width=\"198\">V\u0161\u012e \u201eLIONS QUEST LEITUVA\u201c<br \/>\n<a href=\"http:\/\/lions-quest.lt\/\">http:\/\/lions-quest.lt\/<\/a><\/td>\n<\/tr>\n<tr>\n<td width=\"177\">Olweus paty\u010di\u0173 prevencijos programa<\/td>\n<td width=\"123\">Visa mokyklos bendruomen\u0117<\/td>\n<td width=\"189\">350 mokykl\u0173 bendruomeni\u0173 nariai<\/td>\n<td width=\"198\">Specialiosios pedagogikos ir psichologijos centras<br \/>\n<a href=\"http:\/\/www.sppc.lt\/\">www.sppc.lt<\/a><\/td>\n<\/tr>\n<\/tbody>\n<\/table>\n<p>Stiprinant mokyklos administracijos kompetencijas prevencini\u0173 program\u0173 \u012fgyvendinimo srityje numatoma organizuoti 40 val. trukm\u0117s mokymus dviem grup\u0117ms mokykl\u0173 vadov\u0173 (viso 50 dalyvi\u0173).<\/p>\n<p>Mokym\u0173 metu bus siekiama dalyviams suteikti \u017eini\u0173 ir \u012fg\u016bd\u017ei\u0173, kaip kurti saugi\u0105 aplink\u0105 mokyklose, mokyklos vadovo kaip lyderio vaidmen\u012f \u0161ioje srityje, galimus b\u016bdus ir priemones, saugumui mokykloje kurti ir palaikyti, kaip organizuoti mokyklos veikl\u0105, kad b\u016bt\u0173 pasiekti teigiami prevencin\u0117s veiklos rezultatai.<\/p>\n<p><strong>II. \u012egyvendinti psichoaktyvi\u0173j\u0173 med\u017eiag\u0173 vartojimo ir seksualin\u0117s prievartos prevencines programas bei socialini\u0173 \u012fg\u016bd\u017ei\u0173 ir pozityvios t\u0117vyst\u0117s \u012fg\u016bd\u017ei\u0173 ugdymo programas<\/strong>.<\/p>\n<p>\u0160io u\u017edavinio siekiama \u012fgyvendinant 9 programas:<\/p>\n<table class=\"sppc\" width=\"100%\">\n<tbody>\n<tr>\n<td width=\"168\">Prevencin\u0117 programa<\/td>\n<td width=\"149\">Programos tikslin\u0117 grup\u0117<\/td>\n<td width=\"172\">Projekto l\u0117\u0161omis bus apmokyta<\/td>\n<td width=\"205\">Programos\u00a0 \u012fgyvendinimo paslaugas teikia (\u012fgyvendina program\u0105)<\/td>\n<\/tr>\n<tr>\n<td width=\"168\">Psichoaktyvi\u0173 med\u017eiag\u0173 vartojimo prevencijos programa \u201eGyvai\u201c<\/td>\n<td width=\"149\">6-7 kl. mokiniai, j\u0173 mokytojai ir t\u0117vai<\/td>\n<td width=\"172\">120 mokytoj\u0173, klasi\u0173 vadov\u0173, \u0161vietimo pagalbos specialist\u0173<\/td>\n<td width=\"205\">Asociacija \u201eMentor Lietuva\u201c<br \/>\n<a href=\"http:\/\/mentor.lt\/lt\/\">http:\/\/mentor.lt\/lt\/<\/a><\/td>\n<\/tr>\n<tr>\n<td width=\"168\">Psichoaktyvi\u0173 med\u017eiag\u0173 vartojimo prevencijos programa \u201eMentoryst\u0117\u201c<\/td>\n<td width=\"149\">4-8 klasi\u0173 mokiniai<\/td>\n<td width=\"172\">36 mokiniai<\/td>\n<td width=\"205\">Asociacija \u201eMentor Lietuva\u201c<br \/>\n<a href=\"http:\/\/mentor.lt\/lt\/\">http:\/\/mentor.lt\/lt\/<\/a><\/td>\n<\/tr>\n<tr>\n<td width=\"168\">Psichoaktyvi\u0173 med\u017eiag\u0173 vartojimo prevencijos programa \u201eSniego gni\u016b\u017et\u0117\u201c<\/td>\n<td width=\"149\">5-8 klasi\u0173 mokiniai<\/td>\n<td width=\"172\">1280 mokini\u0173<\/td>\n<td width=\"205\">Lietuvos krik\u0161\u010dioni\u0161kojo jaunimo blaivyb\u0117s s\u0105junga \u201e\u017dingsnis\u201c<br \/>\n<a href=\"http:\/\/www.zingsnis.lt\/\">www.zingsnis.lt<\/a><\/td>\n<\/tr>\n<tr>\n<td width=\"168\">Psichoaktyvi\u0173 med\u017eiag\u0173 vartojimo prevencijos programa \u201eSavu keliu\u201c<\/td>\n<td width=\"149\">2-12 kl. mokiniai, j\u0173 mokytojai ir t\u0117vai<\/td>\n<td width=\"172\">5580 mokytoj\u0173, klasi\u0173 vadov\u0173, \u0161vietimo pagalbos specialist\u0173, t\u0117v\u0173<\/td>\n<td width=\"205\">Specialiosios pedagogikos ir psichologijos centras<br \/>\n<a href=\"http:\/\/www.sppc.lt\/\">www.sppc.lt<\/a><\/td>\n<\/tr>\n<tr>\n<td width=\"168\">Vaiko emocij\u0173 i\u0161rai\u0161kos kontrol\u0117s (VEIK) ugdymo programa<\/td>\n<td width=\"149\">8-18 met\u0173 mokiniai, j\u0173 mokytojai, mokyklos administracijos atstovai<\/td>\n<td width=\"172\">642, \u0161vietimo pagalbos specialist\u0173, mokytoj\u0173<\/td>\n<td width=\"205\">V\u0161\u012e \u201e\u0160eimos santyki\u0173 institutas\u201c<br \/>\n<a href=\"http:\/\/www.ssinstitut.lt\/\">http:\/\/www.ssinstitut.lt\/<\/a><\/td>\n<\/tr>\n<tr>\n<td width=\"168\">Konflikt\u0173 prevencijos programa \u201eTaiki mokykla\u201c<\/td>\n<td width=\"149\">5-12 klasi\u0173 mokiniai ir mokytojai<\/td>\n<td width=\"172\">600 mokytoj\u0173, klasi\u0173 vadov\u0173, \u0161vietimo pagalbos specialist\u0173, t\u0117v\u0173<\/td>\n<td width=\"205\">Specialiosios pedagogikos ir psichologijos centras<br \/>\n<a href=\"http:\/\/www.sppc.lt\/\">www.sppc.lt<\/a>V\u0161\u012e \u201eParamos vaikams centras\u201c<a href=\"http:\/\/www.pvc.lt\/\">www.pvc.lt<\/a><\/td>\n<\/tr>\n<tr>\n<td width=\"168\">Seksualin\u0117s prievartos prevencijos programa \u201eSaugok ir gerbk mane\u201c<\/td>\n<td width=\"149\">2-12 kl. mokiniai, j\u0173 mokytojai ir t\u0117vai<\/td>\n<td width=\"172\">520 mokytoj\u0173, klasi\u0173 vadov\u0173, \u0161vietimo pagalbos specialist\u0173, t\u0117v\u0173<\/td>\n<td width=\"205\">Specialiosios pedagogikos ir psichologijos centras<br \/>\n<a href=\"http:\/\/www.sppc.lt\/\">www.sppc.lt<\/a>V\u0161\u012e \u201eParamos vaikams centras\u201c<a href=\"http:\/\/www.pvc.lt\/\">www.pvc.lt<\/a><\/td>\n<\/tr>\n<tr>\n<td width=\"168\">T\u0117vyst\u0117s \u012fg\u016bd\u017ei\u0173 ugdymo programa \u201eMokykla t\u0117vams ir aukl\u0117tojams\u201c<\/td>\n<td width=\"149\">Mokytojai ir mokini\u0173 t\u0117vai<\/td>\n<td width=\"172\">240 mokytoj\u0173, \u0161vietimo pagalbos specialist\u0173, t\u0117v\u0173<\/td>\n<td width=\"205\">Vilniaus miesto psichologin\u0117 pedagogin\u0117 tarnyba<br \/>\n<a href=\"http:\/\/vilniausppt.lt\/\">http:\/\/vilniausppt.lt<\/a><\/td>\n<\/tr>\n<tr>\n<td width=\"168\">T\u0117vyst\u0117s \u012fg\u016bd\u017ei\u0173 ugdymo programa STEP<\/td>\n<td width=\"149\">Mokini\u0173 t\u0117vai<\/td>\n<td width=\"172\">10 \u0161vietimo pagalbos specialist\u0173432 t\u0117vai<\/td>\n<td width=\"205\">Dr. J. Jonynien\u0117<br \/>\n<a href=\"http:\/\/www.stepgrupes.lt\/\">http:\/\/www.stepgrupes.lt\/<\/a><\/td>\n<\/tr>\n<\/tbody>\n<\/table>\n<p>&nbsp;<\/p>\n<p><strong>III. Parengti savi\u017eudybi\u0173 prevencijos programos metodin\u0119 med\u017eiag\u0105 ir i\u0161bandyti prevencin\u0119 program\u0105<\/strong>.<\/p>\n<p>Savi\u017eudybi\u0173 prevencijos programos tikslas \u2013 \u012fgalinti mokyklos bendruomen\u0119 vykdyti visapusi\u0161k\u0105, sisteming\u0105, bendruomen\u0117s poreikius atitinkan\u010di\u0105 savi\u017eudybi\u0173 prevencij\u0105 mokykloje. Siekiant \u0161io tikslo rengiama ir tobulinama savi\u017eudybi\u0173 prevencijos programos metodin\u0117 med\u017eiaga. Programos metodin\u0117 med\u017eiaga palengvins savi\u017eudybi\u0173 prevencijos vykdym\u0105 mokyklose ir pad\u0117s u\u017etikrinti reikiam\u0105 \u0161vie\u010diamosios veiklos kokyb\u0119. Savi\u017eudybi\u0173 prevencijos programa orientuota \u012f 9-12 kl. mokinius, j\u0173 mokytojus, t\u0117vus.<\/p>\n<p>Program\u0105 numatoma i\u0161bandyti 20 atrinkt\u0173 mokykl\u0173. Programos \u012fgyvendinimo eigoje mokyklos bendruomen\u0117 \u012fgis b\u016btin\u0173 savi\u017eudybi\u0173 prevencijai \u017eini\u0173 ir \u012fg\u016bd\u017ei\u0173, o tai pagerins savi\u017eudyb\u0117s gr\u0117sme pasi\u017eymin\u010di\u0173 vaik\u0173 ir paaugli\u0173 nustatymo, pirmin\u0117s pagalbos bei tinkamo nukreipimo t\u0119stinei pagalbai galimybes. I\u0161band\u017eius metodin\u0119 med\u017eiag\u0105 numatoma j\u0105 patobulinti atsi\u017evelgiant \u012f i\u0161bandymo rezultatus.<\/p>\n<p><strong>IV. Pl\u0117toti psichologin\u0117s pagalbos prieinamum\u0105 mokiniams, j\u0173 t\u0117vams, mokytojams ir kitiems \u0161vietimo \u012fstaig\u0173 darbuotojams.<\/strong><\/p>\n<p>Psichologin\u0117 pagalba mokiniams, mokytojams ir mokini\u0173 t\u0117vams bus teikiama 822 mokyklose 58-iose savivaldyb\u0117se. Psichologin\u0117 pagalba teikiama \u012fdarbinant psichologus ir perkant psichologin\u0117s pagalbos teikimo paslaugas. I\u0161 viso numatoma ikimokyklinio ugdymo \u012fstaigose, bendrojo ugdymo mokyklose, profesinio mokymo \u012fstaigose ir \u0161vietimo pagalbos \u012fstaigose projekto l\u0117\u0161omis \u012fsteigti 195 psichologo pareigyb\u0117s etatus. \u012edarbinti psichologai teikdami psichologin\u0119 pagalb\u0105 Psichologin\u0117s pagalbos teikimo tvarkos apra\u0161u, patvirtintu 2017 m. rugpj\u016b\u010dio 30 d. Lietuvos Respublikos \u0161vietimo ir mokslo ministro \u012fsakymu Nr. V-663.<\/p>\n<p>35 savivaldyb\u0117se bus perkamos psichologin\u0117s pagalbos teikimo paslaugos: mokini\u0173, mokytoj\u0173 ir t\u0117v\u0173 individualaus ir grupinio konsultavimo, paskait\u0173 skaitymo t\u0117vams ir mokytojams apie\u00a0 konflikt\u0173 sprendim\u0105, bendravimo su\u00a0 mokiniais gerinim\u0105, smurto atpa\u017einim\u0105, savi\u017eudybi\u0173 prevencij\u0105 mokykloje, krizi\u0173 valdym\u0105 bei kitomis aktualiomis psichologin\u0117mis temomis, klasi\u0173 valand\u0117li\u0173\u00a0 vedimo mokiniams\u00a0 aktualiomis psichologin\u0117mis temomis, savipagalbos mokytoj\u0173 grupi\u0173 vedimo, mikroklimato mokykloje \u012fvertinimo. I\u0161 viso numatoma 22178 val. individuali\u0173 ir grupini\u0173 konsultacij\u0173 mokiniams, t\u0117vams ir mokytojams, 7746 val. paskait\u0173\/ klasi\u0173 valand\u0117li\u0173.<\/p>\n<p>\u0160i\u0105 veikl\u0105 padeda vykdyti 31 projekto partneris. Projekto partneriai perka psichologin\u0117s pagalbos teikimo paslaugas ir r\u016bpinasi paslaug\u0173 teikimo kokybe.<\/p>\n<p><a href=\"http:\/\/www.sppc.lt\/wp-content\/uploads\/2018\/08\/Projekto-partneriu-sarasas_Saugi-mokykla-0914.pdf\">Projekto partneri\u0173 s\u0105ra\u0161as&gt;&gt;<\/a><\/p>\n<h2 class=\"link-heading\">Mokykl\u0173, dalyvaujan\u010dios projekte nuo 2017 m. rugs\u0117jo m\u0117n., s\u0105ra\u0161ai<\/h2>\n<ul>\n<li class=\"link-item\"><a class=\"link-item__link\" href=\"http:\/\/www.sppc.lt\/wp-content\/uploads\/2018\/08\/Gyvai_mokyklos.pdf\" target=\"_blank\" rel=\"noopener noreferrer\"><i class=\"icon-link\"><\/i>Psichoaktyvi\u0173j\u0173 med\u017eiag\u0173 vartojimo prevencijos programa \u201eGyvai\u201d<\/a><\/li>\n<li class=\"link-item\"><a class=\"link-item__link\" href=\"http:\/\/www.sppc.lt\/wp-content\/uploads\/2018\/08\/ISAK_del-VI-OPPP-etapo-mokyklu-saraso-pakeitimo.pdf\" target=\"_blank\" rel=\"noopener noreferrer\"><i class=\"icon-link\"><\/i>Olweus paty\u010di\u0173 prevencijos programa<\/a><\/li>\n<li class=\"link-item\"><a class=\"link-item__link\" href=\"http:\/\/www.sppc.lt\/wp-content\/uploads\/2018\/08\/Isak_VEIK_mokyklu_sarasas.pdf\" target=\"_blank\" rel=\"noopener noreferrer\"><i class=\"icon-link\"><\/i>Vaiko emocij\u0173 i\u0161rai\u0161kos kontrol\u0117s programa (VEIK)<\/a><\/li>\n<li class=\"link-item\"><a class=\"link-item__link\" href=\"http:\/\/www.sppc.lt\/wp-content\/uploads\/2018\/08\/LQ_Paauglystes_kryzkeles_mokyklos.pdf\" target=\"_blank\" rel=\"noopener noreferrer\"><i class=\"icon-link\"><\/i>LIONS QUEST programa \u201ePaauglyst\u0117s kry\u017ekel\u0117s\u201d<\/a><\/li>\n<li class=\"link-item\"><a class=\"link-item__link\" href=\"http:\/\/www.sppc.lt\/wp-content\/uploads\/2018\/08\/Mokyklos-Savu-keliu2017.pdf\" target=\"_blank\" rel=\"noopener noreferrer\"><i class=\"icon-link\"><\/i>Psichoaktyvi\u0173j\u0173 med\u017eiag\u0173 vartojimo prevencijos programa \u201eSavu keliu\u201d<\/a><\/li>\n<\/ul>\n<p><strong>Kontaktai<\/strong><\/p>\n<p>Projekto vadov\u0117<br \/>\nKristina Ignatavi\u010dien\u0117<br \/>\nTel. 8 5 230 5376<br \/>\nEl. p.\u00a0<a href=\"mailto:kristina.ignataviciene@sppc.lt\">kristina.ignataviciene@sppc.lt<\/a><\/p>\n","protected":false},"excerpt":{"rendered":"<p>Projektas finansuojamas Europos socialinio fondo l\u0117\u0161omis Projektas \u201eSaugios aplinkos mokykloje k\u016brimas II\u201c Nr. 09.2.2-ESFA-V-729-03-0001 Projekto tikslas\u00a0\u2013 kurti ir palaikyti saugi\u0105 aplink\u0105 mokykloje, sudarant palankias s\u0105lygas mokini\u0173 asmenyb\u0117s ugdymuisi, akademini\u0173 pasiekim\u0173 gerinimui, ma\u017einant socialin\u0119 atskirt\u012f bei sprend\u017eiant i\u0161kritimo i\u0161 mokyklos problem\u0105.&nbsp;<a href=\"https:\/\/www.nsa.smsm.lt\/old\/svietimo-pagalbos-departamentas\/projektai\/saugios-aplinkos-mokykloje-kurimas-ii-nr-09-2-2-esfa-v-729-03-0001\/\" class=\"placiau\">Pla\u010diau <i class=\"fa fa-caret-right\"><\/i><\/a><\/p>\n","protected":false},"author":1,"featured_media":0,"parent":10370,"menu_order":0,"comment_status":"closed","ping_status":"closed","template":"","meta":{"_acf_changed":false,"footnotes":""},"class_list":["post-10384","page","type-page","status-publish","hentry"],"acf":[],"_links":{"self":[{"href":"https:\/\/www.nsa.smsm.lt\/old\/wp-json\/wp\/v2\/pages\/10384","targetHints":{"allow":["GET"]}}],"collection":[{"href":"https:\/\/www.nsa.smsm.lt\/old\/wp-json\/wp\/v2\/pages"}],"about":[{"href":"https:\/\/www.nsa.smsm.lt\/old\/wp-json\/wp\/v2\/types\/page"}],"author":[{"embeddable":true,"href":"https:\/\/www.nsa.smsm.lt\/old\/wp-json\/wp\/v2\/users\/1"}],"replies":[{"embeddable":true,"href":"https:\/\/www.nsa.smsm.lt\/old\/wp-json\/wp\/v2\/comments?post=10384"}],"version-history":[{"count":0,"href":"https:\/\/www.nsa.smsm.lt\/old\/wp-json\/wp\/v2\/pages\/10384\/revisions"}],"up":[{"embeddable":true,"href":"https:\/\/www.nsa.smsm.lt\/old\/wp-json\/wp\/v2\/pages\/10370"}],"wp:attachment":[{"href":"https:\/\/www.nsa.smsm.lt\/old\/wp-json\/wp\/v2\/media?parent=10384"}],"curies":[{"name":"wp","href":"https:\/\/api.w.org\/{rel}","templated":true}]}}