{"id":10309,"date":"2023-06-13T09:29:41","date_gmt":"2023-06-13T07:29:41","guid":{"rendered":"https:\/\/www.nsa.smsm.lt\/old\/?page_id=10309"},"modified":"2023-06-13T15:22:11","modified_gmt":"2023-06-13T13:22:11","slug":"vaiku-socializacijos-centru-infrastrukturos-modernizavimas","status":"publish","type":"page","link":"https:\/\/www.nsa.smsm.lt\/old\/infrastrukturos-pletros-departamentas\/projektai\/vaiku-socializacijos-centru-infrastrukturos-modernizavimas\/","title":{"rendered":"Vaik\u0173 socializacijos centr\u0173 infrastrukt\u016bros modernizavimas"},"content":{"rendered":"<h3><img loading=\"lazy\" decoding=\"async\" class=\" wp-image-11965 alignnone\" src=\"https:\/\/www.nsa.smsm.lt\/old\/old\/wp-content\/uploads\/2020\/04\/eu.png\" alt=\"\" width=\"187\" height=\"86\" srcset=\"https:\/\/www.nsa.smsm.lt\/old\/wp-content\/uploads\/2020\/04\/eu.png 320w, https:\/\/www.nsa.smsm.lt\/old\/wp-content\/uploads\/2020\/04\/eu-300x138.png 300w\" sizes=\"auto, (max-width: 187px) 100vw, 187px\" \/><\/h3>\n<p><strong>\u201eVaik\u0173 socializacijos centr\u0173 infrastrukt\u016bros modernizavimas\u201c, Nr. 09.1.3-CPVA-V-704-02-0002<\/strong><\/p>\n<p><strong>Projekto tikslas\u00a0<\/strong>\u2013 didinti bendrojo ugdymo \u012fstaig\u0173 tinklo veiklos efektyvum\u0105, modernizuojant vaik\u0173 socializacijos centr\u0173 infrastrukt\u016br\u0105.<\/p>\n<p><strong>Projekto u\u017edavinys\u00a0<\/strong>\u2013 modernizuoti vaik\u0173 socializacijos centr\u0173 infrastrukt\u016br\u0105.<\/p>\n<p><strong>Projekto partneris:<\/strong>\u00a0Gruzd\u017ei\u0173 vaik\u0173 socializacijos centras.<\/p>\n<p><strong>Projekto \u012fgyvendinimo metu numatytos \u0161ios veiklos:<\/strong><\/p>\n<ul>\n<li>bus pastatytos naujos gyvenamosios patalpos veikian\u010diame Gruzd\u017ei\u0173 vaik\u0173 socializacijos centre (\u0160iauli\u0173 r.) ir modernizuotos bei pritaikytos vaik\u0173 socializacijai patalpos naujai kuriamuose centruose Gailiuose (Kelm\u0117s r.) ir Kunioniuose (K\u0117daini\u0173 r.);<\/li>\n<li>visi 3 centrai bus apr\u016bpinti \u012franga, baldais, mokymo priemon\u0117mis.<\/li>\n<\/ul>\n<p>Moderni, vaik\u0173 poreikiams pritaikyta socializacijos centr\u0173 infrastrukt\u016bra didins vaik\u0173 pozityviosios socializacijos veikl\u0173 \u012fvairov\u0119, pl\u0117tr\u0105 ir kokyb\u0119, darys \u012ftak\u0105 \u0161i\u0173 \u0161vietimo \u012fstaig\u0173 veiklos kokybiniams poky\u010diui, pad\u0117s siekti glaudesnio tarp\u017einybinio bendradarbiavimo ir kompleksi\u0161kai teikiamos \u0161vietimo pagalbos vaikams ir jaunimui.<\/p>\n<p>Projektui \u012fgyvendinti skirtos Europos regionin\u0117s pl\u0117tros fondo ir Lietuvos Respublikos valstyb\u0117s biud\u017eeto l\u0117\u0161os \u2013 5 792 400 eur\u0173.<\/p>\n<p>2017 m. lapkri\u010dio 28 d.\u00a0pasira\u0161yta i\u0161 ES strukt\u016brini\u0173 fond\u0173 l\u0117\u0161\u0173 bendrai finansuojamo projekto Nr. 09.1.3-CPVA-V-704-02-0002 \u201eVaik\u0173 socializacijos centr\u0173 infrastrukt\u016bros modernizavimas\u201c.<\/p>\n<p>Projekto veikl\u0173 \u012fgyvendinimo pabaiga &#8211; 2023-08-31.<\/p>\n<p><strong>Veikla ir rezultatai<\/strong><\/p>\n<p>\u012egyvendinant projekto sutartyje numatytas veiklas, vykdomi Kunioni\u0173 VSC statybos darbai,<\/p>\n<p>rengiami Gruzd\u017ei\u0173 ir Gaili\u0173 VSC techniniai darbo projektai.<\/p>\n<p>Nijol\u0117 Kalasauskien\u0117,<br \/>\nEl. p.\u00a0<a href=\"mailto:nijole.kalasauskiene@nsa.smm.lt\">nijole.kalasauskiene@nsa.smm.lt<\/a><\/p>\n<p><strong>Informacij\u0105 teikia:\u00a0<\/strong><\/p>\n<p>Rolandas Pruckus<br \/>\nLaikinai atliekantis projekto vadovo funkcijas<br \/>\nEl. p. <a href=\"mailto:rolandas.pruckus@nsa.smm.lt\">rolandas.pruckus@nsa.smm.lt<\/a><\/p>\n","protected":false},"excerpt":{"rendered":"<p>\u201eVaik\u0173 socializacijos centr\u0173 infrastrukt\u016bros modernizavimas\u201c, Nr. 09.1.3-CPVA-V-704-02-0002 Projekto tikslas\u00a0\u2013 didinti bendrojo ugdymo \u012fstaig\u0173 tinklo veiklos efektyvum\u0105, modernizuojant vaik\u0173 socializacijos centr\u0173 infrastrukt\u016br\u0105. Projekto u\u017edavinys\u00a0\u2013 modernizuoti vaik\u0173 socializacijos centr\u0173 infrastrukt\u016br\u0105. Projekto partneris:\u00a0Gruzd\u017ei\u0173 vaik\u0173 socializacijos centras. Projekto \u012fgyvendinimo metu numatytos \u0161ios veiklos: bus&nbsp;<a href=\"https:\/\/www.nsa.smsm.lt\/old\/infrastrukturos-pletros-departamentas\/projektai\/vaiku-socializacijos-centru-infrastrukturos-modernizavimas\/\" class=\"placiau\">Pla\u010diau <i class=\"fa fa-caret-right\"><\/i><\/a><\/p>\n","protected":false},"author":1,"featured_media":0,"parent":10122,"menu_order":0,"comment_status":"closed","ping_status":"closed","template":"","meta":{"_acf_changed":false,"footnotes":""},"class_list":["post-10309","page","type-page","status-publish","hentry"],"acf":[],"_links":{"self":[{"href":"https:\/\/www.nsa.smsm.lt\/old\/wp-json\/wp\/v2\/pages\/10309","targetHints":{"allow":["GET"]}}],"collection":[{"href":"https:\/\/www.nsa.smsm.lt\/old\/wp-json\/wp\/v2\/pages"}],"about":[{"href":"https:\/\/www.nsa.smsm.lt\/old\/wp-json\/wp\/v2\/types\/page"}],"author":[{"embeddable":true,"href":"https:\/\/www.nsa.smsm.lt\/old\/wp-json\/wp\/v2\/users\/1"}],"replies":[{"embeddable":true,"href":"https:\/\/www.nsa.smsm.lt\/old\/wp-json\/wp\/v2\/comments?post=10309"}],"version-history":[{"count":0,"href":"https:\/\/www.nsa.smsm.lt\/old\/wp-json\/wp\/v2\/pages\/10309\/revisions"}],"up":[{"embeddable":true,"href":"https:\/\/www.nsa.smsm.lt\/old\/wp-json\/wp\/v2\/pages\/10122"}],"wp:attachment":[{"href":"https:\/\/www.nsa.smsm.lt\/old\/wp-json\/wp\/v2\/media?parent=10309"}],"curies":[{"name":"wp","href":"https:\/\/api.w.org\/{rel}","templated":true}]}}