{"id":10281,"date":"2022-10-20T09:18:44","date_gmt":"2022-10-20T07:18:44","guid":{"rendered":"https:\/\/www.nsa.smsm.lt\/old\/?page_id=10281"},"modified":"2023-01-11T23:17:20","modified_gmt":"2023-01-11T21:17:20","slug":"skaitmenines-mokymo-priemones","status":"publish","type":"page","link":"https:\/\/www.nsa.smsm.lt\/old\/ugdymo-turinio-departamentas\/mokymo-priemoniu-sklaida\/skaitmenines-mokymo-priemones\/","title":{"rendered":"Skaitmenin\u0117s mokymo priemon\u0117s"},"content":{"rendered":"<p>Informacij\u0105 apie skaitmenines mokymo priemones rasite \u0161vietimo portale <a href=\"https:\/\/www.emokykla.lt\/nuotolinis\/skaitmenines-mokymo-priemones\" target=\"_blank\" rel=\"noopener noreferrer\"><i class=\"fa fa-chevron-circle-right \" ><\/i><\/a><\/p>\n<p>Informacij\u0105 apie Nacionalin\u0117s \u0161vietimo agent\u016bros mokymo priemones su nuorodomis \u012f metodin\u0119 med\u017eiag\u0105 rasite \u010dia <a href=\"https:\/\/www.emokykla.lt\/bendrasis\/nsa-skaitmenines-mokymo-priemones\" target=\"_blank\" rel=\"noopener noreferrer\"><i class=\"fa fa-chevron-circle-right \" ><\/i><\/a><\/p>\n<p>&nbsp;<\/p>\n","protected":false},"excerpt":{"rendered":"<p>Informacij\u0105 apie skaitmenines mokymo priemones rasite \u0161vietimo portale Informacij\u0105 apie Nacionalin\u0117s \u0161vietimo agent\u016bros mokymo priemones su nuorodomis \u012f metodin\u0119 med\u017eiag\u0105 rasite \u010dia &nbsp;<\/p>\n","protected":false},"author":1,"featured_media":0,"parent":10276,"menu_order":1,"comment_status":"closed","ping_status":"closed","template":"","meta":{"_acf_changed":false,"footnotes":""},"class_list":["post-10281","page","type-page","status-publish","hentry"],"acf":[],"_links":{"self":[{"href":"https:\/\/www.nsa.smsm.lt\/old\/wp-json\/wp\/v2\/pages\/10281","targetHints":{"allow":["GET"]}}],"collection":[{"href":"https:\/\/www.nsa.smsm.lt\/old\/wp-json\/wp\/v2\/pages"}],"about":[{"href":"https:\/\/www.nsa.smsm.lt\/old\/wp-json\/wp\/v2\/types\/page"}],"author":[{"embeddable":true,"href":"https:\/\/www.nsa.smsm.lt\/old\/wp-json\/wp\/v2\/users\/1"}],"replies":[{"embeddable":true,"href":"https:\/\/www.nsa.smsm.lt\/old\/wp-json\/wp\/v2\/comments?post=10281"}],"version-history":[{"count":0,"href":"https:\/\/www.nsa.smsm.lt\/old\/wp-json\/wp\/v2\/pages\/10281\/revisions"}],"up":[{"embeddable":true,"href":"https:\/\/www.nsa.smsm.lt\/old\/wp-json\/wp\/v2\/pages\/10276"}],"wp:attachment":[{"href":"https:\/\/www.nsa.smsm.lt\/old\/wp-json\/wp\/v2\/media?parent=10281"}],"curies":[{"name":"wp","href":"https:\/\/api.w.org\/{rel}","templated":true}]}}