{"id":10278,"date":"2024-04-30T09:15:55","date_gmt":"2024-04-30T07:15:55","guid":{"rendered":"https:\/\/www.nsa.smsm.lt\/old\/?page_id=10278"},"modified":"2024-04-30T10:48:22","modified_gmt":"2024-04-30T08:48:22","slug":"vadoveliai","status":"publish","type":"page","link":"https:\/\/www.nsa.smsm.lt\/old\/ugdymo-turinio-departamentas\/mokymo-priemoniu-sklaida\/vadoveliai\/","title":{"rendered":"Vadov\u0117liai"},"content":{"rendered":"<p>Aktualijos <a href=\"https:\/\/www.emokykla.lt\/vadoveliai\/informacija-teikejams\"><i class=\"fa fa-chevron-circle-right \" ><\/i><\/a><\/p>\n<p>Vadov\u0117li\u0173 duomen\u0173 baz\u0117: informacija apie \u012fvertintus vadov\u0117lius, u\u017esienyje i\u0161leistus vadov\u0117lius u\u017esienio kalbai mokytis, taip pat Europos S\u0105jungos \u0161alyse parengtus ir i\u0161leistus vadov\u0117lius gimtosioms kalboms, kuri\u0173 mokoma Lietuvos tautini\u0173 ma\u017eum\u0173 mokyklose, mokytis <a href=\"https:\/\/www.emokykla.lt\/bendrasis\/vadoveliai\/vadoveliu-duomenu-baze\"><i class=\"fa fa-chevron-circle-right \" ><\/i><\/a><\/p>\n<p>Bendrojo ugdymo dalyk\u0173 spausdint\u0173 ir \u012fvairi\u0173 interaktyvumo lygi\u0173 virtuali\u0173j\u0173 vadov\u0117li\u0173 ir mokymo(si) priemoni\u0173 atitikties teis\u0117s aktams \u012fvertinimo ir apr\u016bpinimo jais tvarkos apra\u0161as&#8221; <a href=\"https:\/\/www.e-tar.lt\/portal\/lt\/legalAct\/1ea277c0cc0911eea5a28c81c82193a8\"><i class=\"fa fa-chevron-circle-right \" ><\/i><\/a><\/p>\n<p>Informacija apie tarptautin\u0119 vadov\u0117li\u0173 komisijos veikl\u0105 <a href=\"https:\/\/emokykla.lt\/vadoveliai\/aktualijos\"><i class=\"fa fa-chevron-circle-right \" ><\/i><\/a><\/p>\n","protected":false},"excerpt":{"rendered":"<p>Aktualijos Vadov\u0117li\u0173 duomen\u0173 baz\u0117: informacija apie \u012fvertintus vadov\u0117lius, u\u017esienyje i\u0161leistus vadov\u0117lius u\u017esienio kalbai mokytis, taip pat Europos S\u0105jungos \u0161alyse parengtus ir i\u0161leistus vadov\u0117lius gimtosioms kalboms, kuri\u0173 mokoma Lietuvos tautini\u0173 ma\u017eum\u0173 mokyklose, mokytis Bendrojo ugdymo dalyk\u0173 spausdint\u0173 ir \u012fvairi\u0173 interaktyvumo lygi\u0173&nbsp;<a href=\"https:\/\/www.nsa.smsm.lt\/old\/ugdymo-turinio-departamentas\/mokymo-priemoniu-sklaida\/vadoveliai\/\" class=\"placiau\">Pla\u010diau <i class=\"fa fa-caret-right\"><\/i><\/a><\/p>\n","protected":false},"author":1,"featured_media":0,"parent":10276,"menu_order":0,"comment_status":"closed","ping_status":"closed","template":"","meta":{"_acf_changed":false,"footnotes":""},"class_list":["post-10278","page","type-page","status-publish","hentry"],"acf":[],"_links":{"self":[{"href":"https:\/\/www.nsa.smsm.lt\/old\/wp-json\/wp\/v2\/pages\/10278","targetHints":{"allow":["GET"]}}],"collection":[{"href":"https:\/\/www.nsa.smsm.lt\/old\/wp-json\/wp\/v2\/pages"}],"about":[{"href":"https:\/\/www.nsa.smsm.lt\/old\/wp-json\/wp\/v2\/types\/page"}],"author":[{"embeddable":true,"href":"https:\/\/www.nsa.smsm.lt\/old\/wp-json\/wp\/v2\/users\/1"}],"replies":[{"embeddable":true,"href":"https:\/\/www.nsa.smsm.lt\/old\/wp-json\/wp\/v2\/comments?post=10278"}],"version-history":[{"count":2,"href":"https:\/\/www.nsa.smsm.lt\/old\/wp-json\/wp\/v2\/pages\/10278\/revisions"}],"predecessor-version":[{"id":39044,"href":"https:\/\/www.nsa.smsm.lt\/old\/wp-json\/wp\/v2\/pages\/10278\/revisions\/39044"}],"up":[{"embeddable":true,"href":"https:\/\/www.nsa.smsm.lt\/old\/wp-json\/wp\/v2\/pages\/10276"}],"wp:attachment":[{"href":"https:\/\/www.nsa.smsm.lt\/old\/wp-json\/wp\/v2\/media?parent=10278"}],"curies":[{"name":"wp","href":"https:\/\/api.w.org\/{rel}","templated":true}]}}