{"id":10271,"date":"2022-11-07T09:02:54","date_gmt":"2022-11-07T07:02:54","guid":{"rendered":"https:\/\/www.nsa.smsm.lt\/old\/?page_id=10271"},"modified":"2023-01-11T23:35:42","modified_gmt":"2023-01-11T21:35:42","slug":"metodine-medziaga-mokytojui","status":"publish","type":"page","link":"https:\/\/www.nsa.smsm.lt\/old\/ugdymo-turinio-departamentas\/ugdymo-turinys\/metodine-medziaga-mokytojui\/","title":{"rendered":"Metodin\u0117 med\u017eiaga mokytojui"},"content":{"rendered":"<ul>\n<li>Prie\u0161mokyklinis ir ikimokyklinis ugdymas <a href=\"https:\/\/duomenys.ugdome.lt\/?\/mm\/piu\"><i class=\"fa fa-chevron-circle-right \" ><\/i><\/a><\/li>\n<li>Pradinis ugdymas\u00a0 <a href=\"https:\/\/duomenys.ugdome.lt\/?\/mm\/prad\"><i class=\"fa fa-chevron-circle-right \" ><\/i><\/a><\/li>\n<li>Dorinis ugdymas <a href=\"https:\/\/duomenys.ugdome.lt\/?\/mm\/dorinis\"><i class=\"fa fa-chevron-circle-right \" ><\/i><\/a><\/li>\n<li>Kalbinis ugdymas <a href=\"https:\/\/duomenys.ugdome.lt\/?\/mm\/kalbos\"><i class=\"fa fa-chevron-circle-right \" ><\/i><\/a><\/li>\n<li>Matematinis, gamtamokslinis ir technologinis ugdymas <a href=\"https:\/\/duomenys.ugdome.lt\/?\/mm\/gamtamokslis\"><i class=\"fa fa-chevron-circle-right \" ><\/i><\/a><\/li>\n<li>Visuomeninis ugdymas <a href=\"https:\/\/duomenys.ugdome.lt\/?\/mm\/socialinis\"><i class=\"fa fa-chevron-circle-right \" ><\/i><\/a><\/li>\n<li>Meninis ugdymas <a href=\"https:\/\/duomenys.ugdome.lt\/?\/mm\/meno\"><i class=\"fa fa-chevron-circle-right \" ><\/i><\/a><\/li>\n<li>Fizinis ir sveikatos ugdymas <a href=\"https:\/\/duomenys.ugdome.lt\/?\/mm\/fsu\"><i class=\"fa fa-chevron-circle-right \" ><\/i><\/a><\/li>\n<li>\u017dmogaus sauga <a href=\"https:\/\/duomenys.ugdome.lt\/?\/mm\/sauga\"><i class=\"fa fa-chevron-circle-right \" ><\/i><\/a><\/li>\n<li>Integruojamas turinys <a href=\"https:\/\/duomenys.ugdome.lt\/?\/mm\/dry\"><i class=\"fa fa-chevron-circle-right \" ><\/i><\/a><\/li>\n<li>Nuotolinis ir hibridinis ugdymas <a href=\"https:\/\/www.emokykla.lt\/bendrasis\/pagalba-mokytojui\/nuotolinis-ir\"><i class=\"fa fa-chevron-circle-right \" ><\/i><\/a><\/li>\n<li>\u0160vietimo pagalba <a href=\"https:\/\/duomenys.ugdome.lt\/?\/mm\/sp\"><i class=\"fa fa-chevron-circle-right \" ><\/i><\/a><\/li>\n<\/ul>\n<p><strong>Kita naudinga med\u017eiaga ugdymo procesui organizuoti\u00a0<\/strong><\/p>\n<ul>\n<li>Metodin\u0117s med\u017eiagos duomen\u0173 baz\u0117 <a href=\"https:\/\/sodas.ugdome.lt\/metodine-medziaga\"><i class=\"fa fa-chevron-circle-right \" ><\/i><\/a><\/li>\n<li>Vadov\u0117li\u0173 duomen\u0173 baz\u0117 <a href=\"https:\/\/www.emokykla.lt\/bendrasis\/vadoveliai\/vadoveliu-duomenu-baze\"><i class=\"fa fa-chevron-circle-right \" ><\/i><\/a><\/li>\n<li>Skaitmenini\u0173 mokymo priemoni\u0173 duomen\u0173 baz\u0117 <a href=\"https:\/\/www.emokykla.lt\/bendrasis\/skaitmenines-mokymo-priemones\/priemones\"><i class=\"fa fa-chevron-circle-right \" ><\/i><\/a><\/li>\n<li>Mokytojo TV <a href=\"https:\/\/mokytojotv.emokykla.lt\/\"><i class=\"fa fa-chevron-circle-right \" ><\/i><\/a><\/li>\n<li>Interneto dienora\u0161\u010diai <a href=\"https:\/\/www.emokykla.lt\/bendrasis\/pagalba-mokytojui\/interneto-dienorasciai\"><i class=\"fa fa-chevron-circle-right \" ><\/i><\/a><\/li>\n<\/ul>\n","protected":false},"excerpt":{"rendered":"<p>Prie\u0161mokyklinis ir ikimokyklinis ugdymas Pradinis ugdymas\u00a0 Dorinis ugdymas Kalbinis ugdymas Matematinis, gamtamokslinis ir technologinis ugdymas Visuomeninis ugdymas Meninis ugdymas Fizinis ir sveikatos ugdymas \u017dmogaus sauga Integruojamas turinys Nuotolinis ir hibridinis ugdymas \u0160vietimo pagalba Kita naudinga med\u017eiaga ugdymo procesui organizuoti\u00a0 Metodin\u0117s&nbsp;<a href=\"https:\/\/www.nsa.smsm.lt\/old\/ugdymo-turinio-departamentas\/ugdymo-turinys\/metodine-medziaga-mokytojui\/\" class=\"placiau\">Pla\u010diau <i class=\"fa fa-caret-right\"><\/i><\/a><\/p>\n","protected":false},"author":1,"featured_media":0,"parent":10267,"menu_order":0,"comment_status":"closed","ping_status":"closed","template":"","meta":{"_acf_changed":false,"footnotes":""},"class_list":["post-10271","page","type-page","status-publish","hentry"],"acf":[],"_links":{"self":[{"href":"https:\/\/www.nsa.smsm.lt\/old\/wp-json\/wp\/v2\/pages\/10271","targetHints":{"allow":["GET"]}}],"collection":[{"href":"https:\/\/www.nsa.smsm.lt\/old\/wp-json\/wp\/v2\/pages"}],"about":[{"href":"https:\/\/www.nsa.smsm.lt\/old\/wp-json\/wp\/v2\/types\/page"}],"author":[{"embeddable":true,"href":"https:\/\/www.nsa.smsm.lt\/old\/wp-json\/wp\/v2\/users\/1"}],"replies":[{"embeddable":true,"href":"https:\/\/www.nsa.smsm.lt\/old\/wp-json\/wp\/v2\/comments?post=10271"}],"version-history":[{"count":0,"href":"https:\/\/www.nsa.smsm.lt\/old\/wp-json\/wp\/v2\/pages\/10271\/revisions"}],"up":[{"embeddable":true,"href":"https:\/\/www.nsa.smsm.lt\/old\/wp-json\/wp\/v2\/pages\/10267"}],"wp:attachment":[{"href":"https:\/\/www.nsa.smsm.lt\/old\/wp-json\/wp\/v2\/media?parent=10271"}],"curies":[{"name":"wp","href":"https:\/\/api.w.org\/{rel}","templated":true}]}}