{"id":10148,"date":"2022-09-12T07:28:20","date_gmt":"2022-09-12T05:28:20","guid":{"rendered":"https:\/\/www.nsa.smsm.lt\/old\/?page_id=10148"},"modified":"2023-01-11T20:08:41","modified_gmt":"2023-01-11T18:08:41","slug":"bendruju-reikalu-departamentas","status":"publish","type":"page","link":"https:\/\/www.nsa.smsm.lt\/old\/bendruju-reikalu-departamentas\/","title":{"rendered":"Bendr\u0173j\u0173 reikal\u0173 departamentas"},"content":{"rendered":"<p><strong>Bendr\u0173j\u0173 reikal\u0173 departamentas <\/strong>yra Nacionalin\u0117s \u0161vietimo agent\u016bros (toliau \u2013 Agent\u016bra) strukt\u016brinis padalinys.<\/p>\n<p>Departament\u0105 sudaro keturi skyriai:<\/p>\n<ul>\n<li>Dokument\u0173 valdymo skyrius;<\/li>\n<li>Personalo, teis\u0117s ir vie\u0161\u0173j\u0173 pirkim\u0173 skyrius;<\/li>\n<li>\u016akio skyrius;<\/li>\n<li>Apr\u016bpinimo ir leidybos skyrius.<\/li>\n<\/ul>\n<p><strong>Departamento u\u017edaviniai:<\/strong><\/p>\n<ul>\n<li>organizuoti Agent\u016bros dokument\u0173 valdym\u0105;<\/li>\n<li>u\u017etikrinti Agent\u016bros valdomo turto apsaug\u0105 ir sudaryti darbuotojams tinkamas darbo s\u0105lygas;<\/li>\n<li>u\u017etikrinti Agent\u016bros vykdom\u0173 vie\u0161\u0173j\u0173 pirkim\u0173 skaidrum\u0105 ir proced\u016br\u0173 atitikt\u012f teis\u0117s akt\u0173 reikalavimams;<\/li>\n<li>organizuoti ir formuoti Agent\u016bros personalo valdymo politik\u0105;<\/li>\n<li>u\u017etikrinti Agent\u016bros rengiam\u0173 teis\u0117s akt\u0173 ar sutar\u010di\u0173 atitikt\u012f Lietuvos Respublikos \u012fstatymams ir kitiems teis\u0117s aktams, taip pat teisin\u0117s technikos reikalavimams;<\/li>\n<li>organizuoti \u0161vietimo \u012fstaig\u0173 apr\u016bpinim\u0105;<\/li>\n<li>organizuoti leidybin\u0119 veikl\u0105.<\/li>\n<\/ul>\n<p><strong>Departamentas, vykdydamas jam pavestus u\u017edavinius, atlieka \u0161ias funkcijas:<\/strong><\/p>\n<ul>\n<li>administruoja Agent\u016bros dokument\u0173 valdymo sistem\u0105, kaupia, sistemina ir saugo Agent\u016bros dokumentus;<\/li>\n<li>koordinuoja, kontroliuoja ir konsultuoja Agent\u016bros strukt\u016brini\u0173 padalini\u0173 darbuotojus, atsakingus u\u017e dokument\u0173 valdymo organizavim\u0105, dokument\u0173 rengimo, registravimo, byl\u0173 sudarymo, tvarkymo, saugojimo ir naudojimo klausimais;<\/li>\n<li>kartu su kitais Agent\u016bros strukt\u016briniais padaliniais atlieka strukt\u016brini\u0173 padalini\u0173 funkcij\u0173, pareigybi\u0173 analiz\u0119 ir pagal kompetencij\u0105 teikia si\u016blymus d\u0117l darbo organizavimo tobulinimo; organizuoja atrankas ir konkursus \u012f laisvas darbo vietas Agent\u016broje;<\/li>\n<li>tvarko darbuotoj\u0173 pri\u0117mimo \u012f darb\u0105, atleidimo i\u0161 darbo, atostog\u0173, komandiruo\u010di\u0173, laisvadieni\u0173 ir kt. dokumentus su darbo santykiais susijusiais klausimais;<\/li>\n<li>vykdo Agent\u016bros vie\u0161\u0173j\u0173 pirkim\u0173 proced\u016bras;<\/li>\n<li>u\u017etikrina Agent\u016bros turto naudojimo tvark\u0105, jo apsaug\u0105, transporto priemoni\u0173 prie\u017ei\u016br\u0105 ir remont\u0105;<\/li>\n<li>pri\u017ei\u016bri Agent\u016bros patalp\u0173 sanitarin\u0119 b\u016bkl\u0119, in\u017einerinius tinklus ir energetin\u012f \u016bk\u012f, u\u017etikrina prie\u0161gaisrin\u0119 saug\u0105;<\/li>\n<li>r\u016bpinasi Agent\u016bros organizuojam\u0173 rengini\u0173 techniniu aptarnavimu, tinkam\u0173 darbo s\u0105lyg\u0173 darbuotojams sudarymu;<\/li>\n<li>vykdo leidybin\u0119 veikl\u0105, rengia ir leid\u017eia periodinius bei vienkartinius informacinius leidinius, tarp j\u0173 ir elektroninius, apr\u016bpina \u0161vietimo \u012fstaigas patvirtintos formos spausdintais \u0161vietimo dokumentais;<\/li>\n<li>inicijuoja ir vykdo \u0161vietimo \u012fstaig\u0173 apr\u016bpinim\u0105 mokymo priemon\u0117mis, esant poreikiui organizuoja mokymo(si) med\u017eiagos spausdinim\u0105.<\/li>\n<\/ul>\n","protected":false},"excerpt":{"rendered":"<p>Bendr\u0173j\u0173 reikal\u0173 departamentas yra Nacionalin\u0117s \u0161vietimo agent\u016bros (toliau \u2013 Agent\u016bra) strukt\u016brinis padalinys. Departament\u0105 sudaro keturi skyriai: Dokument\u0173 valdymo skyrius; Personalo, teis\u0117s ir vie\u0161\u0173j\u0173 pirkim\u0173 skyrius; \u016akio skyrius; Apr\u016bpinimo ir leidybos skyrius. Departamento u\u017edaviniai: organizuoti Agent\u016bros dokument\u0173 valdym\u0105; u\u017etikrinti Agent\u016bros valdomo&nbsp;<a href=\"https:\/\/www.nsa.smsm.lt\/old\/bendruju-reikalu-departamentas\/\" class=\"placiau\">Pla\u010diau <i class=\"fa fa-caret-right\"><\/i><\/a><\/p>\n","protected":false},"author":1,"featured_media":0,"parent":0,"menu_order":7,"comment_status":"closed","ping_status":"closed","template":"","meta":{"_acf_changed":false,"footnotes":""},"class_list":["post-10148","page","type-page","status-publish","hentry"],"acf":[],"_links":{"self":[{"href":"https:\/\/www.nsa.smsm.lt\/old\/wp-json\/wp\/v2\/pages\/10148","targetHints":{"allow":["GET"]}}],"collection":[{"href":"https:\/\/www.nsa.smsm.lt\/old\/wp-json\/wp\/v2\/pages"}],"about":[{"href":"https:\/\/www.nsa.smsm.lt\/old\/wp-json\/wp\/v2\/types\/page"}],"author":[{"embeddable":true,"href":"https:\/\/www.nsa.smsm.lt\/old\/wp-json\/wp\/v2\/users\/1"}],"replies":[{"embeddable":true,"href":"https:\/\/www.nsa.smsm.lt\/old\/wp-json\/wp\/v2\/comments?post=10148"}],"version-history":[{"count":0,"href":"https:\/\/www.nsa.smsm.lt\/old\/wp-json\/wp\/v2\/pages\/10148\/revisions"}],"wp:attachment":[{"href":"https:\/\/www.nsa.smsm.lt\/old\/wp-json\/wp\/v2\/media?parent=10148"}],"curies":[{"name":"wp","href":"https:\/\/api.w.org\/{rel}","templated":true}]}}