{"id":10144,"date":"2022-10-23T11:21:43","date_gmt":"2022-10-23T09:21:43","guid":{"rendered":"https:\/\/www.nsa.smsm.lt\/old\/?page_id=10144"},"modified":"2023-01-11T23:38:12","modified_gmt":"2023-01-11T21:38:12","slug":"svietimo-pagalbos-departamentas","status":"publish","type":"page","link":"https:\/\/www.nsa.smsm.lt\/old\/svietimo-pagalbos-departamentas\/","title":{"rendered":"\u0160vietimo pagalbos departamentas"},"content":{"rendered":"<p><strong>\u0160vietimo pagalbos<\/strong><strong> departamentas<\/strong> yra Nacionalin\u0117s \u0161vietimo agent\u016bros strukt\u016brinis padalinys.<\/p>\n<p>Departamentas savo veikloje vadovaujasi Lietuvos Respublikos Konstitucija, Lietuvos Respublikos \u012fstatymais, Lietuvos Respublikos Vyriausyb\u0117s nutarimais, \u0161vietimo, mokslo ir sporto ministro \u012fsakymais, Nacionalin\u0117s \u0161vietimo agent\u016bros nuostatais, Agent\u016bros direktoriaus \u012fsakymais, kitais teis\u0117s aktais ir Departamento nuostatais.<\/p>\n<p><strong>Departamento u\u017edaviniai:<\/strong><\/p>\n<ul>\n<li>rengti ir (ar) vykdyti priemones, skirtas \u0161vietimo \u012fstaig\u0173 darbuotoj\u0173 kvalifikacijos tobulinimo sistemos pl\u0117trai ir \u0161vietimo \u012fstaig\u0173 darbuotoj\u0173 kompetencij\u0173 tobulinimui;<\/li>\n<li>skatinti \u0161vietimo \u012fstaig\u0173 veiklos kokyb\u0117s gerinim\u0105 ir j\u0173 \u012fsivertinimo kult\u016bros pa\u017eang\u0105 \u0161vietimo kokyb\u0117s ir \u012ftraukties \u0161vietime nuostat\u0173 \u012fgyvendinimo aspektais;<\/li>\n<li>koordinuoti saugios ugdymuisi aplinkos k\u016brimui skirt\u0173 prevencini\u0173 priemoni\u0173 diegim\u0105, vykdyti \u0161ios srities steb\u0117sen\u0105;<\/li>\n<li>teikti metodin\u0119 konsultacin\u0119 pagalb\u0105 mokykloms, \u0161vietimo pagalbos \u012fstaigoms (pedagogin\u0117ms psichologin\u0117ms, \u0161vietimo pagalbos tarnyboms, \u0161vietimo centrams) d\u0117l \u0161vietimo pagalbos teikimo, prevencini\u0173 priemoni\u0173 vykdymo, \u012ftraukties \u0161vietime nuostat\u0173 \u012fgyvendinimo.<\/li>\n<\/ul>\n<p><strong>Departamento funkcijos:<\/strong><\/p>\n<ul>\n<li>dalyvauja pedagog\u0173 kvalifikacijos tobulinimo sistemos kokyb\u0117s u\u017etikrinimo procesuose;<\/li>\n<li>rengia ir vykdo \u0161vietimo \u012fstaig\u0173 vadov\u0173, pedagog\u0173 karjeros planavimo ir kompetencij\u0173 tobulinimo priemones, programas, projektus, inicijuoja \u0161ios srities inovacijas;<\/li>\n<li>rengia ir (ar) \u012fgyvendina \u0161vietimo \u012fstaig\u0173 darbuotoj\u0173 kvalifikacijos tobulinimo programas, nagrin\u0117ja Agent\u016bros vykdom\u0173 kvalifikacijos rengini\u0173 kokyb\u0119, koordinuoja parengt\u0173 kvalifikacijos tobulinimo program\u0173 vertinim\u0105;<\/li>\n<li>organizuoja ugdymo ir \u0161vietimo vadybos naujovi\u0173 gerosios praktikos diegim\u0105 bei metodin\u0117s pagalbos \u0161vietimo \u012fstaig\u0173 vadovams, pedagogams ir \u0161vietimo pagalbos specialistams teikim\u0105;<\/li>\n<li>dalyvauja vykdant pagalbos mokiniui specialist\u0173 praktin\u0117s veiklos vertinim\u0105 ir (ar) atestacij\u0105; organizuoja psicholog\u0173, teikian\u010di\u0173 pagalb\u0105 mokiniui, atestacij\u0105;<\/li>\n<li>organizuoja ir vykdo priemones, skirtas \u0161vietimo \u012fstaig\u0173 vadov\u0173 rezerve esan\u010di\u0173 asmen\u0173 kompetencij\u0173 tobulinimui;<\/li>\n<li>koordinuoja ir (ar) vykdo projektus, skirtus \u0161vietimo \u012fstaig\u0173, kit\u0173 \u0161vietimo teik\u0117j\u0173 veiklos kokybei gerinti;<\/li>\n<li>organizuoja mokinio pa\u017einimo ir individuali\u0173 jo ugdymosi poreiki\u0173 nustatymo metodik\u0173 ir instrument\u0173 rengim\u0105, teikia metodin\u0119 konsultacin\u0119 pagalb\u0105 mokykloms ir \u0161vietimo pagalbos \u012fstaigoms;<\/li>\n<li>nagrin\u0117ja mokinio speciali\u0173j\u0173 ugdymosi poreiki\u0173 \u012fvertinimo apeliacijas;<\/li>\n<li>koordinuoja saugios ugdymui aplinkos k\u016brimui skirt\u0173 priemoni\u0173 diegim\u0105, inicijuoja nauj\u0173 paie\u0161kas ir k\u016brim\u0105, vykdo \u0161ios srities steb\u0117sen\u0105;<\/li>\n<li>dalyvauja \u012fgyvendinant vaiko minimalios ir vidutin\u0117s prie\u017ei\u016bros priemones, kaupia ir analizuoja duomenis apie vaiko minimalios ir vidutin\u0117s prie\u017ei\u016bros vykdym\u0105, teikia metodin\u0119 konsultacin\u0119 pagalb\u0105 savivaldybi\u0173 administracij\u0173 vaiko gerov\u0117s komisijoms, vaiko minimalios ir vidutin\u0117s prie\u017ei\u016bros priemoni\u0173 vykdytojams;<\/li>\n<li>teikia informacin\u0119, ekspertin\u0119, konsultacin\u0119, metodin\u0119 pagalb\u0105 \u0161vietimo veikl\u0105 organizuojantiems ir \u012fgyvendinantiems \u0161vietimo subjektams, susijusi\u0105 su departamento veikla;<\/li>\n<li>organizuoja speciali\u0173j\u0173 ugdymosi poreiki\u0173 turintiems mokiniams pritaikyt\u0173 vadov\u0117li\u0173 ir speciali\u0173j\u0173 mokymo priemoni\u0173 turinio vertinim\u0105, konsultuoja \u0161i\u0173 priemoni\u0173 reng\u0117jus ir leid\u0117jus;<\/li>\n<li>inicijuoja ir vykdo speciali\u0173j\u0173 poreiki\u0173 asmen\u0173 apr\u016bpinimo specialiosiomis mokymo priemon\u0117mis steb\u0117sen\u0105 ir sklaid\u0105;<\/li>\n<li>dalyvauja rengiant teis\u0117s akt\u0173, susijusi\u0173 su departamento kuruojamomis sritimis, projektus;<\/li>\n<li>rengia, vykdo ir administruoja tarptautinius ir nacionalinius bei Europos S\u0105jungos remiamus projektus;<\/li>\n<li>\u0160vietimo, mokslo ir sporto ministerijai \u012fgaliojus, pagal kompetencij\u0105 atstovauja jai tarptautin\u0117se organizacijose ar pats dalyvauja tarptautini\u0173 organizacij\u0173 veikloje, kaupia ir dalijasi informacija apie pasaulyje diegiamas pa\u017eangias \u0161vietimo inovacijas ir j\u0173 taikymo praktikas;<\/li>\n<li>pagal kompetencij\u0105 u\u017etikrina tinkam\u0105 Agent\u016bros atstovavim\u0105 valstyb\u0117s institucijose ir \u012fstaigose;<\/li>\n<li>vykdo leidybin\u0119 veikl\u0105, rengia ir leid\u017eia periodinius bei vienkartinius informacinius leidinius, tarp j\u0173 ir elektroninius;<\/li>\n<li>teis\u0117s akt\u0173 nustatyta tvarka teikia informacij\u0105 suinteresuotosioms institucijoms ir visuomenei;<\/li>\n<li>pagal priskirt\u0105 kompetencij\u0105 atlieka kitas teis\u0117s aktais nustatytas ar Agent\u016bros direktoriaus pavestas funkcijas, susijusias su departamento veikla.<\/li>\n<\/ul>\n<p><strong>Departament\u0105 sudaro:<\/strong><\/p>\n<ul>\n<li>Mokykl\u0173 veiklos pl\u0117tros skyrius;<\/li>\n<li>Vaiko emocin\u0117s gerov\u0117s skyrius;<\/li>\n<li>\u012etraukties pl\u0117tros skyrius.<\/li>\n<\/ul>\n","protected":false},"excerpt":{"rendered":"<p>\u0160vietimo pagalbos departamentas yra Nacionalin\u0117s \u0161vietimo agent\u016bros strukt\u016brinis padalinys. Departamentas savo veikloje vadovaujasi Lietuvos Respublikos Konstitucija, Lietuvos Respublikos \u012fstatymais, Lietuvos Respublikos Vyriausyb\u0117s nutarimais, \u0161vietimo, mokslo ir sporto ministro \u012fsakymais, Nacionalin\u0117s \u0161vietimo agent\u016bros nuostatais, Agent\u016bros direktoriaus \u012fsakymais, kitais teis\u0117s aktais ir&nbsp;<a href=\"https:\/\/www.nsa.smsm.lt\/old\/svietimo-pagalbos-departamentas\/\" class=\"placiau\">Pla\u010diau <i class=\"fa fa-caret-right\"><\/i><\/a><\/p>\n","protected":false},"author":1,"featured_media":0,"parent":0,"menu_order":5,"comment_status":"closed","ping_status":"closed","template":"","meta":{"_acf_changed":false,"footnotes":""},"class_list":["post-10144","page","type-page","status-publish","hentry"],"acf":[],"_links":{"self":[{"href":"https:\/\/www.nsa.smsm.lt\/old\/wp-json\/wp\/v2\/pages\/10144","targetHints":{"allow":["GET"]}}],"collection":[{"href":"https:\/\/www.nsa.smsm.lt\/old\/wp-json\/wp\/v2\/pages"}],"about":[{"href":"https:\/\/www.nsa.smsm.lt\/old\/wp-json\/wp\/v2\/types\/page"}],"author":[{"embeddable":true,"href":"https:\/\/www.nsa.smsm.lt\/old\/wp-json\/wp\/v2\/users\/1"}],"replies":[{"embeddable":true,"href":"https:\/\/www.nsa.smsm.lt\/old\/wp-json\/wp\/v2\/comments?post=10144"}],"version-history":[{"count":0,"href":"https:\/\/www.nsa.smsm.lt\/old\/wp-json\/wp\/v2\/pages\/10144\/revisions"}],"wp:attachment":[{"href":"https:\/\/www.nsa.smsm.lt\/old\/wp-json\/wp\/v2\/media?parent=10144"}],"curies":[{"name":"wp","href":"https:\/\/api.w.org\/{rel}","templated":true}]}}