{"id":10099,"date":"2022-10-22T05:27:26","date_gmt":"2022-10-22T03:27:26","guid":{"rendered":"https:\/\/www.nsa.smsm.lt\/old\/?page_id=10099"},"modified":"2023-01-11T23:43:22","modified_gmt":"2023-01-11T21:43:22","slug":"istaigu-vertinimas","status":"publish","type":"page","link":"https:\/\/www.nsa.smsm.lt\/old\/istaigu-vertinimas\/","title":{"rendered":"\u012estaig\u0173 vertinimas"},"content":{"rendered":"<p>Informacija ruo\u0161iama.<\/p>\n","protected":false},"excerpt":{"rendered":"<p>Informacija ruo\u0161iama.<\/p>\n","protected":false},"author":1,"featured_media":0,"parent":0,"menu_order":2,"comment_status":"closed","ping_status":"closed","template":"page-istaigu-vertinimas.php","meta":{"_acf_changed":false,"footnotes":""},"class_list":["post-10099","page","type-page","status-publish","hentry"],"acf":[],"_links":{"self":[{"href":"https:\/\/www.nsa.smsm.lt\/old\/wp-json\/wp\/v2\/pages\/10099","targetHints":{"allow":["GET"]}}],"collection":[{"href":"https:\/\/www.nsa.smsm.lt\/old\/wp-json\/wp\/v2\/pages"}],"about":[{"href":"https:\/\/www.nsa.smsm.lt\/old\/wp-json\/wp\/v2\/types\/page"}],"author":[{"embeddable":true,"href":"https:\/\/www.nsa.smsm.lt\/old\/wp-json\/wp\/v2\/users\/1"}],"replies":[{"embeddable":true,"href":"https:\/\/www.nsa.smsm.lt\/old\/wp-json\/wp\/v2\/comments?post=10099"}],"version-history":[{"count":0,"href":"https:\/\/www.nsa.smsm.lt\/old\/wp-json\/wp\/v2\/pages\/10099\/revisions"}],"wp:attachment":[{"href":"https:\/\/www.nsa.smsm.lt\/old\/wp-json\/wp\/v2\/media?parent=10099"}],"curies":[{"name":"wp","href":"https:\/\/api.w.org\/{rel}","templated":true}]}}