{"id":10078,"date":"2022-10-21T17:23:54","date_gmt":"2022-10-21T15:23:54","guid":{"rendered":"https:\/\/www.nsa.smsm.lt\/old\/?page_id=10078"},"modified":"2023-01-11T23:39:19","modified_gmt":"2023-01-11T21:39:19","slug":"stebesenos-ir-vertinimo-departamentas","status":"publish","type":"page","link":"https:\/\/www.nsa.smsm.lt\/old\/stebesenos-ir-vertinimo-departamentas\/","title":{"rendered":"Steb\u0117senos ir vertinimo departamentas"},"content":{"rendered":"<p>Steb\u0117senos ir vertinimo departamentas yra Nacionalin\u0117s \u0161vietimo agent\u016bros strukt\u016brinis padalinys<\/p>\n<p>Departamentas savo veikloje vadovaujasi Lietuvos Respublikos Konstitucija, Lietuvos Respublikos \u012fstatymais, Lietuvos Respublikos Vyriausyb\u0117s nutarimais, \u0161vietimo, mokslo ir sporto ministro \u012fsakymais, Nacionalin\u0117s \u0161vietimo agent\u016bros nuostatais, Agent\u016bros direktoriaus\u00a0 \u012fsakymais, kitais teis\u0117s aktais ir Departamento nuostatais.<\/p>\n<p>Departamento ir j\u012f sudaran\u010di\u0173 padalini\u0173 pavaldumas nustatytas Nacionalin\u0117s \u0161vietimo agent\u016bros strukt\u016broje, patvirtintoje Nacionalin\u0117s \u0161vietimo agent\u016bros direktoriaus 2019 m. rugs\u0117jo 20 \u012fsakymu Nr. VK-14 \u201eD\u0117l Nacionalin\u0117s \u0161vietimo agent\u016bros strukt\u016bros, pareigybi\u0173 s\u0105ra\u0161o, ir pareigybi\u0173 pareigin\u0117s algos pastoviosios dalies koeficient\u0173 patvirtinimo\u201c.<\/p>\n<p><strong>Departamento u\u017edaviniai:<\/strong><\/p>\n<ul>\n<li>vykdyti \u0161vietimo steb\u0117sen\u0105, organizuoti nacionalinius, tarptautinius \u0161vietimo tyrimus;<\/li>\n<li>organizuoti ir administruoti mokini\u0173 pasiekim\u0173 patikrinimus, brandos ir kitus egzaminus, asmens bendr\u0173j\u0173 geb\u0117jim\u0173, \u012fgyt\u0173 profesini\u0173 kompetencij\u0173 vertinimus;<\/li>\n<li>vykdyti \u0161vietimo \u012fstaig\u0173 veiklos kokyb\u0117s, pedagogini\u0173 darbuotoj\u0173 praktin\u0117s veiklos ir kompetencij\u0173 atitikties nustatytiems reikalavimams steb\u0117sen\u0105 ir vertinim\u0105.<\/li>\n<\/ul>\n<p><strong>Departamento funkcijos:<\/strong><\/p>\n<ul>\n<li>vykdo tarptautinius Ekonominio bendradarbiavimo ir pl\u0117tros organizacijos (EBPO), Tarptautin\u0117s \u0161vietimo pasiekim\u0173 vertinimo asociacijos (angl. IEA, <em>International Association for the Evaluation of Educational Achievement<\/em>) ir kit\u0173 organizacij\u0173 \u0161vietimo tyrimus, rengia ataskaitas ir vykdo rezultat\u0173 sklaid\u0105;<\/li>\n<li>analizuoja \u0161vietimo rezultatus ir problemas \u0161alyje, teikia i\u0161vadas ir rekomendacijas d\u0117l \u0161vietimo kokyb\u0117s gerinimo ir \u0161vietimo sistemos efektyvumo;<\/li>\n<li>rengia \u0161alies \u0161vietimo b\u016bkl\u0117s ap\u017evalgas, skirtas \u0161alies \u0161vietimo bendruomenei ir visuomenei bei tarptautin\u0117ms institucijoms ir organizacijoms;<\/li>\n<li>vykdo nacionalinius mokini\u0173 pasiekim\u0173 ir kitus \u0161vietimo b\u016bkl\u0117s tyrimus, rengia tyrim\u0173 ataskaitas, teikia informacij\u0105 ir si\u016blymus \u0161vietimo valdymo subjektams d\u0117l \u0161vietimo tobulinimo;<\/li>\n<li>koordinuoja ir administruoja brandos egzamin\u0173, pagrindinio ugdymo, nacionalini\u0173 ir kit\u0173 mokini\u0173 pasiekim\u0173 patikrinim\u0173 vykdym\u0105 ir vertinim\u0105, rengia j\u0173 vykdymo ir vertinimo reglamentavimo dokumentus, organizuoja \u0161i\u0173 mokini\u0173 pasiekim\u0173 patikrinim\u0173 u\u017eduo\u010di\u0173 k\u016brim\u0105, organizuoja valstybini\u0173 brandos egzamin\u0173 u\u017eduo\u010di\u0173 atlikimo vertinim\u0105, konsultuoja mokyklas bei j\u0173 savininkus, savininko teises ir pareigas \u012fgyvendinan\u010dias institucijas, dalyvi\u0173 susirinkimus;<\/li>\n<li>koordinuoja ir administruoja valstybin\u0117s kalbos mok\u0117jimo, lietuvi\u0173 kalbos mok\u0117jimo lygi\u0173 nustatymo, Lietuvos Respublikos Konstitucijos pagrind\u0173 egzaminus, organizuoja j\u0173 u\u017eduo\u010di\u0173 k\u016brim\u0105, administruoja asmens bendr\u0173j\u0173 geb\u0117jim\u0173 ir (ar) \u012fgyt\u0173 profesini\u0173 kompetencij\u0173 vertinimus;<\/li>\n<li>u\u017etikrina technin\u012f ir technologin\u012f brandos egzamin\u0173 ir pasiekim\u0173 patikrinim\u0173 u\u017eduo\u010di\u0173 dauginim\u0105, pristatym\u0105 ir (ar) elektronin\u012f vykdym\u0105, tobulina ir pl\u0117toja asmens geb\u0117jim\u0173, mokini\u0173 pasiekim\u0173 vertinimo metodologij\u0105 ir technologij\u0173 panaudojim\u0105;<\/li>\n<li>u\u017etikrina \u0161vietimo \u012fstaig\u0173 vadov\u0173 rezervo funkcionavim\u0105, organizuoja ir vykdo pretendent\u0173 \u012f \u0161vietimo \u012fstaig\u0173 vadovus kompetencij\u0173 ar jam prilygint\u0105 vertinim\u0105, vykdo \u0161vietimo \u012fstaig\u0173 vadov\u0173 metin\u0117s veiklos vertinimo steb\u0117sen\u0105;<\/li>\n<li>dalyvauja vykdant mokytoj\u0173 ir pagalbos mokiniui specialist\u0173 praktin\u0117s veiklos vertinim\u0105 ir (ar) atestacij\u0105;<\/li>\n<li>rengia ir (ar) \u012fgyvendina departamento funkcijoms vykdyti reikalingas \u0161vietimo \u012fstaig\u0173 darbuotoj\u0173 kvalifikacijos tobulinimo programas;<\/li>\n<li>organizuoja ir vykdo mokykl\u0173, vykdan\u010di\u0173 bendrojo ugdymo ir formaliojo profesinio mokymo programas, veiklos i\u0161orin\u012f vertinim\u0105, organizuoja institucij\u0173, vykdan\u010di\u0173 mokytoj\u0173 ir \u0161vietimo pagalb\u0105 teikian\u010di\u0173 specialist\u0173 kvalifikacijos tobulinim\u0105, veiklos vertinim\u0105; vykdo vertintoj\u0173 atrank\u0105 ir (ar) j\u0173 veiklos vertinim\u0105;<\/li>\n<li>pagal priskirt\u0105 kompetencij\u0105 teikia informacin\u0119, ekspertin\u0119, konsultacin\u0119 pagalb\u0105 \u0161vietimo subjektams, organizuojantiems ir \u012fgyvendinantiems \u0161vietimo veikl\u0105;<\/li>\n<li>kaupia duomenis apie asmen\u0173 \u017eini\u0173 bei geb\u0117jim\u0173 vertinimo, egzaminavimo, nuostat\u0173 tyrim\u0173 ir ugdymo rezultatus, kuria klausim\u0173 ir u\u017eduo\u010di\u0173 bank\u0105;<\/li>\n<li>dalyvauja rengiant teis\u0117s akt\u0173 projektus;<\/li>\n<li>rengia, vykdo ir administruoja departamento funkcijas atitinkan\u010dius Europos S\u0105jungos remiamus projektus;<\/li>\n<li>vykdo Europos S\u0105jungos Mokymosi vis\u0105 gyvenim\u0105 programos EURYDICE paprogram\u0117s koordinuotojo funkcij\u0105, Ministerijai \u012fgaliojus atstovauja j\u0105 tarptautin\u0117se organizacijose ar dalyvauja tarptautini\u0173 organizacij\u0173 veikloje, kaupia ir dalijasi informacija apie pasaulyje diegiamas pa\u017eangias \u0161vietimo inovacijas ir j\u0173 taikymo praktikas;<\/li>\n<li>rengia ir leid\u017eia periodinius bei vienkartinius informacinius leidinius, tarp j\u0173 ir elektroninius, apr\u016bpina \u0161vietimo \u012fstaigas\u00a0 patvirtintos formos spausdintais \u0161vietimo dokumentais;<\/li>\n<li>teis\u0117s akt\u0173 nustatyta tvarka teikia informacij\u0105 suinteresuotosioms institucijoms ir visuomenei;<\/li>\n<li>pagal kompetencij\u0105 u\u017etikrina tinkam\u0105 Agent\u016bros atstovavim\u0105 valstyb\u0117s institucijose ir \u012fstaigose;<\/li>\n<li>pagal kompetencij\u0105 nagrin\u0117ja valstyb\u0117s \u012fstaig\u0173 ir institucij\u0173, fizini\u0173 ir juridini\u0173 asmen\u0173 pra\u0161ymus, skundus ir pasi\u016blymus;<\/li>\n<li>pagal priskirt\u0105 kompetencij\u0105 ir funkcijas atlieka kitas teis\u0117s aktais nustatytas ar Agent\u016bros direktoriaus pavestas funkcijas.<\/li>\n<\/ul>\n<p><strong>Departament\u0105 sudaro:<\/strong><\/p>\n<ul>\n<li>\u0160vietimo politikos analiz\u0117s ir tyrim\u0173 skyrius;<\/li>\n<li>Vertinimo skyrius;<\/li>\n<li>Pasiekim\u0173 patikrinimo u\u017eduo\u010di\u0173 skyrius;<\/li>\n<li>Pasiekim\u0173 patikrinimo administravimo skyrius.<\/li>\n<\/ul>\n","protected":false},"excerpt":{"rendered":"<p>Steb\u0117senos ir vertinimo departamentas yra Nacionalin\u0117s \u0161vietimo agent\u016bros strukt\u016brinis padalinys Departamentas savo veikloje vadovaujasi Lietuvos Respublikos Konstitucija, Lietuvos Respublikos \u012fstatymais, Lietuvos Respublikos Vyriausyb\u0117s nutarimais, \u0161vietimo, mokslo ir sporto ministro \u012fsakymais, Nacionalin\u0117s \u0161vietimo agent\u016bros nuostatais, Agent\u016bros direktoriaus\u00a0 \u012fsakymais, kitais teis\u0117s aktais&nbsp;<a href=\"https:\/\/www.nsa.smsm.lt\/old\/stebesenos-ir-vertinimo-departamentas\/\" class=\"placiau\">Pla\u010diau <i class=\"fa fa-caret-right\"><\/i><\/a><\/p>\n","protected":false},"author":1,"featured_media":0,"parent":0,"menu_order":5,"comment_status":"closed","ping_status":"closed","template":"","meta":{"_acf_changed":false,"footnotes":""},"class_list":["post-10078","page","type-page","status-publish","hentry"],"acf":[],"_links":{"self":[{"href":"https:\/\/www.nsa.smsm.lt\/old\/wp-json\/wp\/v2\/pages\/10078","targetHints":{"allow":["GET"]}}],"collection":[{"href":"https:\/\/www.nsa.smsm.lt\/old\/wp-json\/wp\/v2\/pages"}],"about":[{"href":"https:\/\/www.nsa.smsm.lt\/old\/wp-json\/wp\/v2\/types\/page"}],"author":[{"embeddable":true,"href":"https:\/\/www.nsa.smsm.lt\/old\/wp-json\/wp\/v2\/users\/1"}],"replies":[{"embeddable":true,"href":"https:\/\/www.nsa.smsm.lt\/old\/wp-json\/wp\/v2\/comments?post=10078"}],"version-history":[{"count":0,"href":"https:\/\/www.nsa.smsm.lt\/old\/wp-json\/wp\/v2\/pages\/10078\/revisions"}],"wp:attachment":[{"href":"https:\/\/www.nsa.smsm.lt\/old\/wp-json\/wp\/v2\/media?parent=10078"}],"curies":[{"name":"wp","href":"https:\/\/api.w.org\/{rel}","templated":true}]}}